{"id":988621,"date":"2023-04-25T09:54:45","date_gmt":"2023-04-25T09:54:45","guid":{"rendered":"https:\/\/www.prophima.ch\/la-societe\/"},"modified":"2023-07-06T14:45:56","modified_gmt":"2023-07-06T14:45:56","slug":"la-societe","status":"publish","type":"page","link":"https:\/\/prophima.iwlab.org\/fr\/la-societe\/","title":{"rendered":"La soci\u00e9t\u00e9"},"content":{"rendered":"\t\t<div data-elementor-type=\"wp-page\" data-elementor-id=\"988621\" class=\"elementor elementor-988621 elementor-812\" data-elementor-post-type=\"page\">\n\t\t\t\t\t\t<section class=\"elementor-section elementor-top-section elementor-element elementor-element-50582fc elementor-section-boxed elementor-section-height-default elementor-section-height-default\" data-id=\"50582fc\" data-element_type=\"section\" data-e-type=\"section\">\n\t\t\t\t\t\t<div class=\"elementor-container elementor-column-gap-no\">\n\t\t\t\t\t<div class=\"elementor-column elementor-col-50 elementor-top-column elementor-element elementor-element-051d7f9\" data-id=\"051d7f9\" data-element_type=\"column\" data-e-type=\"column\">\n\t\t\t<div class=\"elementor-widget-wrap elementor-element-populated\">\n\t\t\t\t\t\t<div class=\"elementor-element elementor-element-0c9142b elementor-position-inline-end elementor-widget__width-auto elementor-mobile-position-inline-end elementor-widget-mobile__width-auto elementor-view-default elementor-invisible elementor-widget elementor-widget-icon-box\" data-id=\"0c9142b\" data-element_type=\"widget\" data-e-type=\"widget\" data-settings=\"{&quot;_animation&quot;:&quot;slideInUp&quot;}\" data-widget_type=\"icon-box.default\">\n\t\t\t\t<div class=\"elementor-widget-container\">\n\t\t\t\t\t\t\t<div class=\"elementor-icon-box-wrapper\">\n\n\t\t\t\t\t\t<div class=\"elementor-icon-box-icon\">\n\t\t\t\t<span  class=\"elementor-icon\">\n\t\t\t\t<i aria-hidden=\"true\" class=\"vamtamtheme- vamtam-theme-line-titles\"><\/i>\t\t\t\t<\/span>\n\t\t\t<\/div>\n\t\t\t\n\t\t\t\t\t\t<div class=\"elementor-icon-box-content\">\n\n\t\t\t\t\t\t\t\t\t<span class=\"elementor-icon-box-title\">\n\t\t\t\t\t\t<span  >\n\t\t\t\t\t\t\tQui sommes-nous\t\t\t\t\t\t<\/span>\n\t\t\t\t\t<\/span>\n\t\t\t\t\n\t\t\t\t\n\t\t\t<\/div>\n\t\t\t\n\t\t<\/div>\n\t\t\t\t\t\t<\/div>\n\t\t\t\t<\/div>\n\t\t\t\t\t<\/div>\n\t\t<\/div>\n\t\t\t\t<div class=\"elementor-column elementor-col-50 elementor-top-column elementor-element elementor-element-f75dbc0\" data-id=\"f75dbc0\" data-element_type=\"column\" data-e-type=\"column\">\n\t\t\t<div class=\"elementor-widget-wrap elementor-element-populated\">\n\t\t\t\t\t\t<div class=\"elementor-element elementor-element-67b1ecd elementor-drop-cap-yes elementor-drop-cap-view-default elementor-widget elementor-widget-text-editor\" data-id=\"67b1ecd\" data-element_type=\"widget\" data-e-type=\"widget\" data-settings=\"{&quot;drop_cap&quot;:&quot;yes&quot;}\" data-widget_type=\"text-editor.default\">\n\t\t\t\t<div class=\"elementor-widget-container\">\n\t\t\t\t\t\t\t\t\t<h4>Notre \u00e9quipe bien form\u00e9e et exp\u00e9riment\u00e9e de plus de 20 collaborateurs se tient \u00e0 votre disposition. <\/h4>\n\t\t\t\t\t\t\t\t<\/div>\n\t\t\t\t<\/div>\n\t\t\t\t\t<\/div>\n\t\t<\/div>\n\t\t\t\t\t<\/div>\n\t\t<\/section>\n\t\t\t\t<section class=\"elementor-section elementor-top-section elementor-element elementor-element-ac4e796 elementor-section-full_width elementor-section-height-min-height elementor-section-stretched elementor-section-height-default elementor-section-items-middle\" data-id=\"ac4e796\" data-element_type=\"section\" data-e-type=\"section\" data-settings=\"{&quot;background_background&quot;:&quot;classic&quot;,&quot;stretch_section&quot;:&quot;section-stretched&quot;}\">\n\t\t\t\t\t\t<div class=\"elementor-container elementor-column-gap-default\">\n\t\t\t\t\t<div class=\"elementor-column elementor-col-100 elementor-top-column elementor-element elementor-element-3c1db8f\" data-id=\"3c1db8f\" data-element_type=\"column\" data-e-type=\"column\">\n\t\t\t<div class=\"elementor-widget-wrap\">\n\t\t\t\t\t\t\t<\/div>\n\t\t<\/div>\n\t\t\t\t\t<\/div>\n\t\t<\/section>\n\t\t\t\t<section class=\"elementor-section elementor-top-section elementor-element elementor-element-ca7dc3d elementor-section-boxed elementor-section-height-default elementor-section-height-default\" data-id=\"ca7dc3d\" data-element_type=\"section\" data-e-type=\"section\" data-settings=\"{&quot;background_background&quot;:&quot;classic&quot;}\">\n\t\t\t\t\t\t<div class=\"elementor-container elementor-column-gap-no\">\n\t\t\t\t\t<div class=\"elementor-column elementor-col-100 elementor-top-column elementor-element elementor-element-7a99355\" data-id=\"7a99355\" data-element_type=\"column\" data-e-type=\"column\">\n\t\t\t<div class=\"elementor-widget-wrap elementor-element-populated\">\n\t\t\t\t\t\t<div class=\"elementor-element elementor-element-fc73c69 elementor-position-inline-end elementor-widget__width-auto elementor-mobile-position-inline-end elementor-widget-mobile__width-auto elementor-view-default elementor-invisible elementor-widget elementor-widget-icon-box\" data-id=\"fc73c69\" data-element_type=\"widget\" data-e-type=\"widget\" data-settings=\"{&quot;_animation&quot;:&quot;slideInUp&quot;}\" data-widget_type=\"icon-box.default\">\n\t\t\t\t<div class=\"elementor-widget-container\">\n\t\t\t\t\t\t\t<div class=\"elementor-icon-box-wrapper\">\n\n\t\t\t\t\t\t<div class=\"elementor-icon-box-icon\">\n\t\t\t\t<span  class=\"elementor-icon\">\n\t\t\t\t<i aria-hidden=\"true\" class=\"vamtamtheme- vamtam-theme-line-titles\"><\/i>\t\t\t\t<\/span>\n\t\t\t<\/div>\n\t\t\t\n\t\t\t\t\t\t<div class=\"elementor-icon-box-content\">\n\n\t\t\t\t\t\t\t\t\t<span class=\"elementor-icon-box-title\">\n\t\t\t\t\t\t<span  >\n\t\t\t\t\t\t\tNotre objectif commun\t\t\t\t\t\t<\/span>\n\t\t\t\t\t<\/span>\n\t\t\t\t\n\t\t\t\t\n\t\t\t<\/div>\n\t\t\t\n\t\t<\/div>\n\t\t\t\t\t\t<\/div>\n\t\t\t\t<\/div>\n\t\t\t\t<div class=\"elementor-element elementor-element-8edbc01 elementor-widget elementor-widget-heading\" data-id=\"8edbc01\" data-element_type=\"widget\" data-e-type=\"widget\" data-widget_type=\"heading.default\">\n\t\t\t\t<div class=\"elementor-widget-container\">\n\t\t\t\t\t<h2 class=\"elementor-heading-title elementor-size-xl\">Flexible et innovant : notre but est la r\u00e9alisation et la r\u00e9ussite de projet et ainsi d'atteindre vos objectifs commerciaux.<br><\/h2>\t\t\t\t<\/div>\n\t\t\t\t<\/div>\n\t\t\t\t\t<\/div>\n\t\t<\/div>\n\t\t\t\t\t<\/div>\n\t\t<\/section>\n\t\t\t\t<section class=\"elementor-section elementor-top-section elementor-element elementor-element-c771a42 elementor-section-boxed elementor-section-height-default elementor-section-height-default\" data-id=\"c771a42\" data-element_type=\"section\" data-e-type=\"section\">\n\t\t\t\t\t\t<div class=\"elementor-container elementor-column-gap-no\">\n\t\t\t\t\t<div class=\"elementor-column elementor-col-50 elementor-top-column elementor-element elementor-element-522ebbd\" data-id=\"522ebbd\" data-element_type=\"column\" data-e-type=\"column\">\n\t\t\t<div class=\"elementor-widget-wrap elementor-element-populated\">\n\t\t\t\t\t\t<div class=\"elementor-element elementor-element-363e258 elementor-position-inline-end elementor-widget__width-auto elementor-mobile-position-inline-end elementor-widget-mobile__width-auto elementor-view-default elementor-invisible elementor-widget elementor-widget-icon-box\" data-id=\"363e258\" data-element_type=\"widget\" data-e-type=\"widget\" data-settings=\"{&quot;_animation&quot;:&quot;slideInUp&quot;}\" data-widget_type=\"icon-box.default\">\n\t\t\t\t<div class=\"elementor-widget-container\">\n\t\t\t\t\t\t\t<div class=\"elementor-icon-box-wrapper\">\n\n\t\t\t\t\t\t<div class=\"elementor-icon-box-icon\">\n\t\t\t\t<span  class=\"elementor-icon\">\n\t\t\t\t<i aria-hidden=\"true\" class=\"vamtamtheme- vamtam-theme-line-titles\"><\/i>\t\t\t\t<\/span>\n\t\t\t<\/div>\n\t\t\t\n\t\t\t\t\t\t<div class=\"elementor-icon-box-content\">\n\n\t\t\t\t\t\t\t\t\t<span class=\"elementor-icon-box-title\">\n\t\t\t\t\t\t<span  >\n\t\t\t\t\t\t\tQui sommes-nous ?\t\t\t\t\t\t<\/span>\n\t\t\t\t\t<\/span>\n\t\t\t\t\n\t\t\t\t\n\t\t\t<\/div>\n\t\t\t\n\t\t<\/div>\n\t\t\t\t\t\t<\/div>\n\t\t\t\t<\/div>\n\t\t\t\t<div class=\"elementor-element elementor-element-7eb3c52 elementor-widget elementor-widget-heading\" data-id=\"7eb3c52\" data-element_type=\"widget\" data-e-type=\"widget\" data-widget_type=\"heading.default\">\n\t\t\t\t<div class=\"elementor-widget-container\">\n\t\t\t\t\t<h3 class=\"elementor-heading-title elementor-size-default\">Prophima est une entreprise individuelle&nbsp;dont le si\u00e8ge est \u00e0 B\u00e2le. Avec plus de 25 ans d'exp\u00e9rience&nbsp;et 20 collaborateurs, nous fabriquons l'armoire&nbsp;qui convient \u00e0 chaque souhait de client&nbsp;.<\/h3>\t\t\t\t<\/div>\n\t\t\t\t<\/div>\n\t\t\t\t<div class=\"elementor-element elementor-element-0edcb40 elementor-widget elementor-widget-image\" data-id=\"0edcb40\" data-element_type=\"widget\" data-e-type=\"widget\" data-widget_type=\"image.default\">\n\t\t\t\t<div class=\"elementor-widget-container\">\n\t\t\t\t\t\t\t\t\t\t\t\t\t\t\t<img fetchpriority=\"high\" decoding=\"async\" width=\"837\" height=\"1024\" src=\"https:\/\/prophima.iwlab.org\/wp-content\/uploads\/2022\/11\/pexels-mart-production-7222312-837x1024.jpg\" class=\"attachment-large size-large wp-image-988484\" alt=\"\" srcset=\"https:\/\/prophima.iwlab.org\/wp-content\/uploads\/2022\/11\/pexels-mart-production-7222312-837x1024.jpg 837w, https:\/\/prophima.iwlab.org\/wp-content\/uploads\/2022\/11\/pexels-mart-production-7222312-245x300.jpg 245w, https:\/\/prophima.iwlab.org\/wp-content\/uploads\/2022\/11\/pexels-mart-production-7222312-768x939.jpg 768w, https:\/\/prophima.iwlab.org\/wp-content\/uploads\/2022\/11\/pexels-mart-production-7222312.jpg 1066w\" sizes=\"(max-width: 837px) 100vw, 837px\" \/>\t\t\t\t\t\t\t\t\t\t\t\t\t\t\t<\/div>\n\t\t\t\t<\/div>\n\t\t\t\t\t<\/div>\n\t\t<\/div>\n\t\t\t\t<div class=\"elementor-column elementor-col-50 elementor-top-column elementor-element elementor-element-bae1a4b\" data-id=\"bae1a4b\" data-element_type=\"column\" data-e-type=\"column\">\n\t\t\t<div class=\"elementor-widget-wrap elementor-element-populated\">\n\t\t\t\t\t\t<div class=\"elementor-element elementor-element-bca4b47 elementor-widget elementor-widget-text-editor\" data-id=\"bca4b47\" data-element_type=\"widget\" data-e-type=\"widget\" data-widget_type=\"text-editor.default\">\n\t\t\t\t<div class=\"elementor-widget-container\">\n\t\t\t\t\t\t\t\t\t<p class=\"bodytext\">L&rsquo;utilisation d&rsquo;une infrastructure \u00e9nerg\u00e9tique s\u00fbre, performante et optimis\u00e9e en termes de co\u00fbts est un facteur important d&rsquo;augmentation de l&rsquo;efficacit\u00e9 et de r\u00e9duction des co\u00fbts. Afin d&rsquo;exploiter les multiples potentiels dans le domaine des tableaux de distribution, de r\u00e9gulation et d&rsquo;automatisation, nous soutenons nos clients d\u00e8s la planification et le d\u00e9veloppement du projet jusqu&rsquo;\u00e0 l&rsquo;exploitation \u00e0 long terme des installations correspondantes , toujours dans un esprit de partenariat, d&rsquo;innovation, de service et de s\u00e9curit\u00e9. Gr\u00e2ce au savoir-faire et \u00e0 la vaste exp\u00e9rience de nos sp\u00e9cialistes, vous disposez d&rsquo;un partenaire et d&rsquo;un prestataire de services comp\u00e9tents. Nous vous aidons \u00e0 prendre vos d\u00e9cisions gr\u00e2ce \u00e0 des conseils personnalis\u00e9s, \u00e0 l&rsquo;\u00e9laboration d&rsquo;offres et \u00e0 la conception de projets.<\/p>\n\t\t\t\t\t\t\t\t<\/div>\n\t\t\t\t<\/div>\n\t\t\t\t<div class=\"elementor-element elementor-element-61e5c4c elementor-widget elementor-widget-image\" data-id=\"61e5c4c\" data-element_type=\"widget\" data-e-type=\"widget\" data-widget_type=\"image.default\">\n\t\t\t\t<div class=\"elementor-widget-container\">\n\t\t\t\t\t\t\t\t\t\t\t\t\t\t\t<img decoding=\"async\" width=\"2560\" height=\"1563\" src=\"https:\/\/prophima.iwlab.org\/wp-content\/uploads\/2023\/04\/AdobeStock_419029806-scaled.jpeg\" class=\"attachment-full size-full wp-image-988617\" alt=\"\" srcset=\"https:\/\/prophima.iwlab.org\/wp-content\/uploads\/2023\/04\/AdobeStock_419029806-scaled.jpeg 2560w, https:\/\/prophima.iwlab.org\/wp-content\/uploads\/2023\/04\/AdobeStock_419029806-300x183.jpeg 300w, https:\/\/prophima.iwlab.org\/wp-content\/uploads\/2023\/04\/AdobeStock_419029806-1024x625.jpeg 1024w, https:\/\/prophima.iwlab.org\/wp-content\/uploads\/2023\/04\/AdobeStock_419029806-768x469.jpeg 768w, https:\/\/prophima.iwlab.org\/wp-content\/uploads\/2023\/04\/AdobeStock_419029806-1536x938.jpeg 1536w, https:\/\/prophima.iwlab.org\/wp-content\/uploads\/2023\/04\/AdobeStock_419029806-2048x1251.jpeg 2048w\" sizes=\"(max-width: 2560px) 100vw, 2560px\" \/>\t\t\t\t\t\t\t\t\t\t\t\t\t\t\t<\/div>\n\t\t\t\t<\/div>\n\t\t\t\t\t<\/div>\n\t\t<\/div>\n\t\t\t\t\t<\/div>\n\t\t<\/section>\n\t\t\t\t<section class=\"elementor-section elementor-top-section elementor-element elementor-element-b611a30 elementor-section-boxed elementor-section-height-default elementor-section-height-default\" data-id=\"b611a30\" data-element_type=\"section\" data-e-type=\"section\" data-settings=\"{&quot;background_background&quot;:&quot;classic&quot;}\">\n\t\t\t\t\t\t<div class=\"elementor-container elementor-column-gap-default\">\n\t\t\t\t\t<div class=\"elementor-column elementor-col-100 elementor-top-column elementor-element elementor-element-41e4dfe\" data-id=\"41e4dfe\" data-element_type=\"column\" data-e-type=\"column\">\n\t\t\t<div class=\"elementor-widget-wrap elementor-element-populated\">\n\t\t\t\t\t\t<div class=\"elementor-element elementor-element-ac1ffe2 elementor-widget elementor-widget-heading\" data-id=\"ac1ffe2\" data-element_type=\"widget\" data-e-type=\"widget\" data-widget_type=\"heading.default\">\n\t\t\t\t<div class=\"elementor-widget-container\">\n\t\t\t\t\t<h2 class=\"elementor-heading-title elementor-size-default\">Notre direction<\/h2>\t\t\t\t<\/div>\n\t\t\t\t<\/div>\n\t\t\t\t<div class=\"elementor-element elementor-element-308f0ef elementor-widget elementor-widget-spacer\" data-id=\"308f0ef\" data-element_type=\"widget\" data-e-type=\"widget\" data-widget_type=\"spacer.default\">\n\t\t\t\t<div class=\"elementor-widget-container\">\n\t\t\t\t\t\t\t<div class=\"elementor-spacer\">\n\t\t\t<div class=\"elementor-spacer-inner\"><\/div>\n\t\t<\/div>\n\t\t\t\t\t\t<\/div>\n\t\t\t\t<\/div>\n\t\t\t\t<div class=\"vamtam-has-theme-widget-styles elementor-element elementor-element-ec41707 elementor-grid-3 elementor-grid-tablet-2 elementor-grid-mobile-1 elementor-posts--thumbnail-top vamtam-has-title-underline-anim vamtam-has-read-more-theme-style elementor-widget elementor-widget-posts\" data-id=\"ec41707\" data-element_type=\"widget\" data-e-type=\"widget\" data-settings=\"{&quot;vamtam_classic_columns&quot;:&quot;3&quot;,&quot;vamtam_classic_columns_tablet&quot;:&quot;2&quot;,&quot;vamtam_classic_columns_mobile&quot;:&quot;1&quot;,&quot;vamtam_classic_row_gap&quot;:{&quot;unit&quot;:&quot;px&quot;,&quot;size&quot;:35,&quot;sizes&quot;:[]},&quot;vamtam_classic_row_gap_tablet&quot;:{&quot;unit&quot;:&quot;px&quot;,&quot;size&quot;:&quot;&quot;,&quot;sizes&quot;:[]},&quot;vamtam_classic_row_gap_mobile&quot;:{&quot;unit&quot;:&quot;px&quot;,&quot;size&quot;:&quot;&quot;,&quot;sizes&quot;:[]}}\" data-widget_type=\"posts.vamtam_classic\">\n\t\t\t\t<div class=\"elementor-widget-container\">\n\t\t\t\t\t\t\t<div class=\"elementor-posts-container elementor-posts elementor-posts--skin-vamtam_classic elementor-grid\">\r\n\t\t\t\t<article class=\"elementor-post elementor-grid-item post-988644 page type-page status-publish has-post-thumbnail hentry\">\r\n\t\t\t\t\t\t<div class=\"vamtam-post-thumb-wrap\">\r\n\t\t\t\t\t\t\t<a class=\"elementor-post__thumbnail__link\" href=\"https:\/\/prophima.iwlab.org\/fr\/direction\/marc-thomas\/\" tabindex=\"-1\" >\r\n\t\t\t<div class=\"elementor-post__thumbnail\"><img decoding=\"async\" width=\"1500\" height=\"933\" src=\"https:\/\/prophima.iwlab.org\/wp-content\/uploads\/2023\/04\/Prophima-9.jpg\" class=\"attachment-full size-full wp-image-988602\" alt=\"\" srcset=\"https:\/\/prophima.iwlab.org\/wp-content\/uploads\/2023\/04\/Prophima-9.jpg 1500w, https:\/\/prophima.iwlab.org\/wp-content\/uploads\/2023\/04\/Prophima-9-300x187.jpg 300w, https:\/\/prophima.iwlab.org\/wp-content\/uploads\/2023\/04\/Prophima-9-1024x637.jpg 1024w, https:\/\/prophima.iwlab.org\/wp-content\/uploads\/2023\/04\/Prophima-9-768x478.jpg 768w\" sizes=\"(max-width: 1500px) 100vw, 1500px\" \/><\/div>\r\n\t\t<\/a>\r\n\t\t\t\t\t\t\t<div class=\"vamtam-read-more-wrap\">\r\n\t\t\t\t\t\t<a class=\"vamtam-read-more-icon\" href=\"https:\/\/prophima.iwlab.org\/fr\/direction\/marc-thomas\/\">\r\n\t\t\t\t\t\t\t<i aria-hidden=\"true\" class=\"vamtamtheme- vamtam-theme-plus\"><\/i>\t\t\t\t\t\t<\/a>\r\n\t\t\t\t\t\t\r\n\t\t<a class=\"elementor-post__read-more\" href=\"https:\/\/prophima.iwlab.org\/fr\/direction\/marc-thomas\/\" aria-label=\"En savoir plus sur Marc Thomas\" tabindex=\"-1\" >\r\n\t\t\t\t\t<\/a>\r\n\r\n\t\t\t\t\t\t\t<\/div>\r\n\t\t\t\t<\/div>\r\n\t\t\t\t\t<div class=\"elementor-post__text\">\r\n\t\t\t\t<h3 class=\"elementor-post__title\">\r\n\t\t\t<a href=\"https:\/\/prophima.iwlab.org\/fr\/direction\/marc-thomas\/\" >\r\n\t\t\t\tMarc Thomas\t\t\t<\/a>\r\n\t\t<\/h3>\r\n\t\t\t\t<\/div>\r\n\t\t\t\t<\/article>\r\n\t\t\t\t<article class=\"elementor-post elementor-grid-item post-988646 page type-page status-publish has-post-thumbnail hentry\">\r\n\t\t\t\t\t\t<div class=\"vamtam-post-thumb-wrap\">\r\n\t\t\t\t\t\t\t<a class=\"elementor-post__thumbnail__link\" href=\"https:\/\/prophima.iwlab.org\/fr\/direction\/philippe-luttenbacher\/\" tabindex=\"-1\" >\r\n\t\t\t<div class=\"elementor-post__thumbnail\"><img loading=\"lazy\" decoding=\"async\" width=\"1500\" height=\"933\" src=\"https:\/\/prophima.iwlab.org\/wp-content\/uploads\/2023\/04\/Prophima-10.jpg\" class=\"attachment-full size-full wp-image-988603\" alt=\"\" srcset=\"https:\/\/prophima.iwlab.org\/wp-content\/uploads\/2023\/04\/Prophima-10.jpg 1500w, https:\/\/prophima.iwlab.org\/wp-content\/uploads\/2023\/04\/Prophima-10-300x187.jpg 300w, https:\/\/prophima.iwlab.org\/wp-content\/uploads\/2023\/04\/Prophima-10-1024x637.jpg 1024w, https:\/\/prophima.iwlab.org\/wp-content\/uploads\/2023\/04\/Prophima-10-768x478.jpg 768w\" sizes=\"(max-width: 1500px) 100vw, 1500px\" \/><\/div>\r\n\t\t<\/a>\r\n\t\t\t\t\t\t\t<div class=\"vamtam-read-more-wrap\">\r\n\t\t\t\t\t\t<a class=\"vamtam-read-more-icon\" href=\"https:\/\/prophima.iwlab.org\/fr\/direction\/philippe-luttenbacher\/\">\r\n\t\t\t\t\t\t\t<i aria-hidden=\"true\" class=\"vamtamtheme- vamtam-theme-plus\"><\/i>\t\t\t\t\t\t<\/a>\r\n\t\t\t\t\t\t\r\n\t\t<a class=\"elementor-post__read-more\" href=\"https:\/\/prophima.iwlab.org\/fr\/direction\/philippe-luttenbacher\/\" aria-label=\"En savoir plus sur Philippe Luttenbacher\" tabindex=\"-1\" >\r\n\t\t\t\t\t<\/a>\r\n\r\n\t\t\t\t\t\t\t<\/div>\r\n\t\t\t\t<\/div>\r\n\t\t\t\t\t<div class=\"elementor-post__text\">\r\n\t\t\t\t<h3 class=\"elementor-post__title\">\r\n\t\t\t<a href=\"https:\/\/prophima.iwlab.org\/fr\/direction\/philippe-luttenbacher\/\" >\r\n\t\t\t\tPhilippe Luttenbacher\t\t\t<\/a>\r\n\t\t<\/h3>\r\n\t\t\t\t<\/div>\r\n\t\t\t\t<\/article>\r\n\t\t\t\t<article class=\"elementor-post elementor-grid-item post-988648 page type-page status-publish has-post-thumbnail hentry\">\r\n\t\t\t\t\t\t<div class=\"vamtam-post-thumb-wrap\">\r\n\t\t\t\t\t\t\t<a class=\"elementor-post__thumbnail__link\" href=\"https:\/\/prophima.iwlab.org\/fr\/direction\/ronald-curty\/\" tabindex=\"-1\" >\r\n\t\t\t<div class=\"elementor-post__thumbnail\"><img loading=\"lazy\" decoding=\"async\" width=\"1500\" height=\"915\" src=\"https:\/\/prophima.iwlab.org\/wp-content\/uploads\/2023\/04\/Prophima-6-e1683268380491.jpg\" class=\"attachment-full size-full wp-image-988599\" alt=\"\" srcset=\"https:\/\/prophima.iwlab.org\/wp-content\/uploads\/2023\/04\/Prophima-6-e1683268380491.jpg 1500w, https:\/\/prophima.iwlab.org\/wp-content\/uploads\/2023\/04\/Prophima-6-e1683268380491-300x183.jpg 300w, https:\/\/prophima.iwlab.org\/wp-content\/uploads\/2023\/04\/Prophima-6-e1683268380491-1024x625.jpg 1024w, https:\/\/prophima.iwlab.org\/wp-content\/uploads\/2023\/04\/Prophima-6-e1683268380491-768x468.jpg 768w\" sizes=\"(max-width: 1500px) 100vw, 1500px\" \/><\/div>\r\n\t\t<\/a>\r\n\t\t\t\t\t\t\t<div class=\"vamtam-read-more-wrap\">\r\n\t\t\t\t\t\t<a class=\"vamtam-read-more-icon\" href=\"https:\/\/prophima.iwlab.org\/fr\/direction\/ronald-curty\/\">\r\n\t\t\t\t\t\t\t<i aria-hidden=\"true\" class=\"vamtamtheme- vamtam-theme-plus\"><\/i>\t\t\t\t\t\t<\/a>\r\n\t\t\t\t\t\t\r\n\t\t<a class=\"elementor-post__read-more\" href=\"https:\/\/prophima.iwlab.org\/fr\/direction\/ronald-curty\/\" aria-label=\"En savoir plus sur Ronald Curty\" tabindex=\"-1\" >\r\n\t\t\t\t\t<\/a>\r\n\r\n\t\t\t\t\t\t\t<\/div>\r\n\t\t\t\t<\/div>\r\n\t\t\t\t\t<div class=\"elementor-post__text\">\r\n\t\t\t\t<h3 class=\"elementor-post__title\">\r\n\t\t\t<a href=\"https:\/\/prophima.iwlab.org\/fr\/direction\/ronald-curty\/\" >\r\n\t\t\t\tRonald Curty\t\t\t<\/a>\r\n\t\t<\/h3>\r\n\t\t\t\t<\/div>\r\n\t\t\t\t<\/article>\r\n\t\t\t\t<\/div>\r\n\t\t\r\n\t\t\t\t\t\t<\/div>\n\t\t\t\t<\/div>\n\t\t\t\t<div class=\"elementor-element elementor-element-5ea408d elementor-widget elementor-widget-spacer\" data-id=\"5ea408d\" data-element_type=\"widget\" data-e-type=\"widget\" data-widget_type=\"spacer.default\">\n\t\t\t\t<div class=\"elementor-widget-container\">\n\t\t\t\t\t\t\t<div class=\"elementor-spacer\">\n\t\t\t<div class=\"elementor-spacer-inner\"><\/div>\n\t\t<\/div>\n\t\t\t\t\t\t<\/div>\n\t\t\t\t<\/div>\n\t\t\t\t\t<\/div>\n\t\t<\/div>\n\t\t\t\t\t<\/div>\n\t\t<\/section>\n\t\t\t\t<section class=\"elementor-section elementor-top-section elementor-element elementor-element-0357e26 elementor-section-boxed elementor-section-height-default elementor-section-height-default\" data-id=\"0357e26\" data-element_type=\"section\" data-e-type=\"section\">\n\t\t\t\t\t\t<div class=\"elementor-container elementor-column-gap-default\">\n\t\t\t\t\t<div class=\"elementor-column elementor-col-100 elementor-top-column elementor-element elementor-element-0d2465f\" data-id=\"0d2465f\" data-element_type=\"column\" data-e-type=\"column\">\n\t\t\t<div class=\"elementor-widget-wrap elementor-element-populated\">\n\t\t\t\t\t\t<div class=\"elementor-element elementor-element-5589d74 elementor-widget elementor-widget-spacer\" data-id=\"5589d74\" data-element_type=\"widget\" data-e-type=\"widget\" data-widget_type=\"spacer.default\">\n\t\t\t\t<div class=\"elementor-widget-container\">\n\t\t\t\t\t\t\t<div class=\"elementor-spacer\">\n\t\t\t<div class=\"elementor-spacer-inner\"><\/div>\n\t\t<\/div>\n\t\t\t\t\t\t<\/div>\n\t\t\t\t<\/div>\n\t\t\t\t\t<\/div>\n\t\t<\/div>\n\t\t\t\t\t<\/div>\n\t\t<\/section>\n\t\t\t\t<\/div>\n\t\t","protected":false},"excerpt":{"rendered":"<p>Qui sommes-nous Notre \u00e9quipe bien form\u00e9e et exp\u00e9riment\u00e9e de plus de 20 collaborateurs se tient \u00e0 votre disposition. Notre objectif commun Flexible et innovant :<\/p>\n","protected":false},"author":2,"featured_media":0,"parent":0,"menu_order":0,"comment_status":"closed","ping_status":"closed","template":"","meta":{"footnotes":""},"class_list":["post-988621","page","type-page","status-publish","hentry"],"_links":{"self":[{"href":"https:\/\/prophima.iwlab.org\/fr\/wp-json\/wp\/v2\/pages\/988621","targetHints":{"allow":["GET"]}}],"collection":[{"href":"https:\/\/prophima.iwlab.org\/fr\/wp-json\/wp\/v2\/pages"}],"about":[{"href":"https:\/\/prophima.iwlab.org\/fr\/wp-json\/wp\/v2\/types\/page"}],"author":[{"embeddable":true,"href":"https:\/\/prophima.iwlab.org\/fr\/wp-json\/wp\/v2\/users\/2"}],"replies":[{"embeddable":true,"href":"https:\/\/prophima.iwlab.org\/fr\/wp-json\/wp\/v2\/comments?post=988621"}],"version-history":[{"count":5,"href":"https:\/\/prophima.iwlab.org\/fr\/wp-json\/wp\/v2\/pages\/988621\/revisions"}],"predecessor-version":[{"id":988634,"href":"https:\/\/prophima.iwlab.org\/fr\/wp-json\/wp\/v2\/pages\/988621\/revisions\/988634"}],"wp:attachment":[{"href":"https:\/\/prophima.iwlab.org\/fr\/wp-json\/wp\/v2\/media?parent=988621"}],"curies":[{"name":"wp","href":"https:\/\/api.w.org\/{rel}","templated":true}]}}