{"id":988625,"date":"2023-05-01T10:04:10","date_gmt":"2023-05-01T10:04:10","guid":{"rendered":"https:\/\/www.prophima.ch\/services\/"},"modified":"2023-10-04T13:23:16","modified_gmt":"2023-10-04T13:23:16","slug":"services","status":"publish","type":"page","link":"https:\/\/prophima.iwlab.org\/fr\/services\/","title":{"rendered":"Services"},"content":{"rendered":"\t\t<div data-elementor-type=\"wp-page\" data-elementor-id=\"988625\" class=\"elementor elementor-988625 elementor-6872\" data-elementor-post-type=\"page\">\n\t\t\t\t\t\t<section class=\"elementor-section elementor-top-section elementor-element elementor-element-de5ce3c elementor-section-boxed elementor-section-height-default elementor-section-height-default\" data-id=\"de5ce3c\" data-element_type=\"section\" data-e-type=\"section\">\n\t\t\t\t\t\t<div class=\"elementor-container elementor-column-gap-default\">\n\t\t\t\t\t<div class=\"elementor-column elementor-col-100 elementor-top-column elementor-element elementor-element-7aa65bf\" data-id=\"7aa65bf\" data-element_type=\"column\" data-e-type=\"column\">\n\t\t\t<div class=\"elementor-widget-wrap elementor-element-populated\">\n\t\t\t\t\t\t<div class=\"elementor-element elementor-element-5d63f27 elementor-widget elementor-widget-spacer\" data-id=\"5d63f27\" data-element_type=\"widget\" data-e-type=\"widget\" data-widget_type=\"spacer.default\">\n\t\t\t\t<div class=\"elementor-widget-container\">\n\t\t\t\t\t\t\t<div class=\"elementor-spacer\">\n\t\t\t<div class=\"elementor-spacer-inner\"><\/div>\n\t\t<\/div>\n\t\t\t\t\t\t<\/div>\n\t\t\t\t<\/div>\n\t\t\t\t\t<\/div>\n\t\t<\/div>\n\t\t\t\t\t<\/div>\n\t\t<\/section>\n\t\t\t\t<section class=\"elementor-section elementor-top-section elementor-element elementor-element-60ba891 elementor-section-boxed elementor-section-height-default elementor-section-height-default\" data-id=\"60ba891\" data-element_type=\"section\" data-e-type=\"section\">\n\t\t\t\t\t\t<div class=\"elementor-container elementor-column-gap-default\">\n\t\t\t\t\t<div class=\"elementor-column elementor-col-100 elementor-top-column elementor-element elementor-element-b095ebb\" data-id=\"b095ebb\" data-element_type=\"column\" data-e-type=\"column\">\n\t\t\t<div class=\"elementor-widget-wrap elementor-element-populated\">\n\t\t\t\t\t\t<div class=\"elementor-element elementor-element-e529d9b elementor-widget elementor-widget-heading\" data-id=\"e529d9b\" data-element_type=\"widget\" data-e-type=\"widget\" data-widget_type=\"heading.default\">\n\t\t\t\t<div class=\"elementor-widget-container\">\n\t\t\t\t\t<h3 class=\"elementor-heading-title elementor-size-default\">Quelle est la sp\u00e9cialit\u00e9 qui vous int\u00e9resse ?<\/h3>\t\t\t\t<\/div>\n\t\t\t\t<\/div>\n\t\t\t\t<div class=\"elementor-element elementor-element-db5e86d elementor-widget elementor-widget-spacer\" data-id=\"db5e86d\" data-element_type=\"widget\" data-e-type=\"widget\" data-widget_type=\"spacer.default\">\n\t\t\t\t<div class=\"elementor-widget-container\">\n\t\t\t\t\t\t\t<div class=\"elementor-spacer\">\n\t\t\t<div class=\"elementor-spacer-inner\"><\/div>\n\t\t<\/div>\n\t\t\t\t\t\t<\/div>\n\t\t\t\t<\/div>\n\t\t\t\t\t<\/div>\n\t\t<\/div>\n\t\t\t\t\t<\/div>\n\t\t<\/section>\n\t\t\t\t<section class=\"elementor-section elementor-top-section elementor-element elementor-element-9e51d06 elementor-section-boxed elementor-section-height-default elementor-section-height-default\" data-id=\"9e51d06\" data-element_type=\"section\" data-e-type=\"section\">\n\t\t\t\t\t\t<div class=\"elementor-container elementor-column-gap-default\">\n\t\t\t\t\t<div class=\"elementor-column elementor-col-25 elementor-top-column elementor-element elementor-element-975ea4c\" data-id=\"975ea4c\" data-element_type=\"column\" data-e-type=\"column\">\n\t\t\t<div class=\"elementor-widget-wrap elementor-element-populated\">\n\t\t\t\t\t\t<div class=\"elementor-element elementor-element-1a83ab0 elementor-view-default elementor-position-block-start elementor-mobile-position-block-start elementor-widget elementor-widget-icon-box\" data-id=\"1a83ab0\" data-element_type=\"widget\" data-e-type=\"widget\" data-widget_type=\"icon-box.default\">\n\t\t\t\t<div class=\"elementor-widget-container\">\n\t\t\t\t\t\t\t<div class=\"elementor-icon-box-wrapper\">\n\n\t\t\t\t\t\t<div class=\"elementor-icon-box-icon\">\n\t\t\t\t<a href=\"https:\/\/prophima.iwlab.org\/fr\/services\/tableaux-de-distribution-principal\/\" class=\"elementor-icon\" tabindex=\"-1\" aria-label=\"Tableau de distribution principal\">\n\t\t\t\t<svg xmlns=\"http:\/\/www.w3.org\/2000\/svg\" xmlns:xlink=\"http:\/\/www.w3.org\/1999\/xlink\" xmlns:a=\"http:\/\/ns.adobe.com\/AdobeSVGViewerExtensions\/3.0\/\" x=\"0px\" y=\"0px\" width=\"201.00077015282\" height=\"200.99987792969\" xml:space=\"preserve\"><g transform=\"translate(0 0)\"><g transform=\"translate(0 0) scale(1.6865081542749 1.68650779349) rotate(0 59.590808868408 59.590557098389)\"><linearGradient id=\"SVGID_1\" x1=\"0%\" y1=\"0%\" x2=\"100%\" y2=\"0%\" gradientTransform=\"rotate(90)\"><stop offset=\"0%\" stop-color=\"#36cc1c\" stop-opacity=\"1\"><\/stop><stop offset=\"100%\" stop-color=\"#035fa3\" stop-opacity=\"1\"><\/stop><\/linearGradient><path d=\"M56.729 62.983l-30.33 1.943L89.654 6.204 75.64 15.247 60.958.565a1.937 1.937 0 00-2.734 0L.564 58.225a1.937 1.937 0 000 2.734l35.844 35.845 20.321-33.821z\" fill=\"url(#SVGID_1)\"><\/path><linearGradient id=\"SVGID_2\" x1=\"0%\" y1=\"0%\" x2=\"100%\" y2=\"0%\" gradientTransform=\"rotate(90)\"><stop offset=\"0%\" stop-color=\"#82ea15\" stop-opacity=\"1\"><\/stop><stop offset=\"100%\" stop-color=\"#30aadd\" stop-opacity=\"1\"><\/stop><\/linearGradient><path d=\"M118.618 58.225L81.32 20.927 65.764 48.415l34.248-.616-58.646 53.962-17.754 16.338 19.121-14.972 15.491 15.491a1.94 1.94 0 002.734 0l57.66-57.66a1.94 1.94 0 000-2.733z\" fill=\"url(#SVGID_2)\"><\/path><\/g><\/g><\/svg>\t\t\t\t<\/a>\n\t\t\t<\/div>\n\t\t\t\n\t\t\t\t\t\t<div class=\"elementor-icon-box-content\">\n\n\t\t\t\t\t\t\t\t\t<h3 class=\"elementor-icon-box-title\">\n\t\t\t\t\t\t<a href=\"https:\/\/prophima.iwlab.org\/fr\/services\/tableaux-de-distribution-principal\/\" >\n\t\t\t\t\t\t\tTableau de distribution principal\t\t\t\t\t\t<\/a>\n\t\t\t\t\t<\/h3>\n\t\t\t\t\n\t\t\t\t\n\t\t\t<\/div>\n\t\t\t\n\t\t<\/div>\n\t\t\t\t\t\t<\/div>\n\t\t\t\t<\/div>\n\t\t\t\t\t<\/div>\n\t\t<\/div>\n\t\t\t\t<div class=\"elementor-column elementor-col-25 elementor-top-column elementor-element elementor-element-6e9d225\" data-id=\"6e9d225\" data-element_type=\"column\" data-e-type=\"column\">\n\t\t\t<div class=\"elementor-widget-wrap elementor-element-populated\">\n\t\t\t\t\t\t<div class=\"elementor-element elementor-element-813748f elementor-view-default elementor-position-block-start elementor-mobile-position-block-start elementor-widget elementor-widget-icon-box\" data-id=\"813748f\" data-element_type=\"widget\" data-e-type=\"widget\" data-widget_type=\"icon-box.default\">\n\t\t\t\t<div class=\"elementor-widget-container\">\n\t\t\t\t\t\t\t<div class=\"elementor-icon-box-wrapper\">\n\n\t\t\t\t\t\t<div class=\"elementor-icon-box-icon\">\n\t\t\t\t<a href=\"https:\/\/prophima.iwlab.org\/fr\/services\/tableaux-de-distribution-secondaire\/\" class=\"elementor-icon\" tabindex=\"-1\" aria-label=\"Tableau de distribution secondaire\">\n\t\t\t\t<svg xmlns=\"http:\/\/www.w3.org\/2000\/svg\" xmlns:xlink=\"http:\/\/www.w3.org\/1999\/xlink\" xmlns:a=\"http:\/\/ns.adobe.com\/AdobeSVGViewerExtensions\/3.0\/\" x=\"0px\" y=\"0px\" width=\"201.00077015282\" height=\"200.99987792969\" xml:space=\"preserve\"><g transform=\"translate(0 0)\"><g transform=\"translate(0 0) scale(1.6865081542749 1.68650779349) rotate(0 59.590808868408 59.590557098389)\"><linearGradient id=\"SVGID_1\" x1=\"0%\" y1=\"0%\" x2=\"100%\" y2=\"0%\" gradientTransform=\"rotate(90)\"><stop offset=\"0%\" stop-color=\"#36cc1c\" stop-opacity=\"1\"><\/stop><stop offset=\"100%\" stop-color=\"#035fa3\" stop-opacity=\"1\"><\/stop><\/linearGradient><path d=\"M56.729 62.983l-30.33 1.943L89.654 6.204 75.64 15.247 60.958.565a1.937 1.937 0 00-2.734 0L.564 58.225a1.937 1.937 0 000 2.734l35.844 35.845 20.321-33.821z\" fill=\"url(#SVGID_1)\"><\/path><linearGradient id=\"SVGID_2\" x1=\"0%\" y1=\"0%\" x2=\"100%\" y2=\"0%\" gradientTransform=\"rotate(90)\"><stop offset=\"0%\" stop-color=\"#82ea15\" stop-opacity=\"1\"><\/stop><stop offset=\"100%\" stop-color=\"#30aadd\" stop-opacity=\"1\"><\/stop><\/linearGradient><path d=\"M118.618 58.225L81.32 20.927 65.764 48.415l34.248-.616-58.646 53.962-17.754 16.338 19.121-14.972 15.491 15.491a1.94 1.94 0 002.734 0l57.66-57.66a1.94 1.94 0 000-2.733z\" fill=\"url(#SVGID_2)\"><\/path><\/g><\/g><\/svg>\t\t\t\t<\/a>\n\t\t\t<\/div>\n\t\t\t\n\t\t\t\t\t\t<div class=\"elementor-icon-box-content\">\n\n\t\t\t\t\t\t\t\t\t<h3 class=\"elementor-icon-box-title\">\n\t\t\t\t\t\t<a href=\"https:\/\/prophima.iwlab.org\/fr\/services\/tableaux-de-distribution-secondaire\/\" >\n\t\t\t\t\t\t\tTableau de distribution secondaire\t\t\t\t\t\t<\/a>\n\t\t\t\t\t<\/h3>\n\t\t\t\t\n\t\t\t\t\n\t\t\t<\/div>\n\t\t\t\n\t\t<\/div>\n\t\t\t\t\t\t<\/div>\n\t\t\t\t<\/div>\n\t\t\t\t\t<\/div>\n\t\t<\/div>\n\t\t\t\t<div class=\"elementor-column elementor-col-25 elementor-top-column elementor-element elementor-element-d55cfa0\" data-id=\"d55cfa0\" data-element_type=\"column\" data-e-type=\"column\">\n\t\t\t<div class=\"elementor-widget-wrap elementor-element-populated\">\n\t\t\t\t\t\t<div class=\"elementor-element elementor-element-425856b elementor-view-default elementor-position-block-start elementor-mobile-position-block-start elementor-widget elementor-widget-icon-box\" data-id=\"425856b\" data-element_type=\"widget\" data-e-type=\"widget\" data-widget_type=\"icon-box.default\">\n\t\t\t\t<div class=\"elementor-widget-container\">\n\t\t\t\t\t\t\t<div class=\"elementor-icon-box-wrapper\">\n\n\t\t\t\t\t\t<div class=\"elementor-icon-box-icon\">\n\t\t\t\t<a href=\"https:\/\/prophima.iwlab.org\/fr\/services\/les-armoires-de-comptage\/\" class=\"elementor-icon\" tabindex=\"-1\" aria-label=\"Distributeur de comptage\">\n\t\t\t\t<svg xmlns=\"http:\/\/www.w3.org\/2000\/svg\" xmlns:xlink=\"http:\/\/www.w3.org\/1999\/xlink\" xmlns:a=\"http:\/\/ns.adobe.com\/AdobeSVGViewerExtensions\/3.0\/\" x=\"0px\" y=\"0px\" width=\"201.00077015282\" height=\"200.99987792969\" xml:space=\"preserve\"><g transform=\"translate(0 0)\"><g transform=\"translate(0 0) scale(1.6865081542749 1.68650779349) rotate(0 59.590808868408 59.590557098389)\"><linearGradient id=\"SVGID_1\" x1=\"0%\" y1=\"0%\" x2=\"100%\" y2=\"0%\" gradientTransform=\"rotate(90)\"><stop offset=\"0%\" stop-color=\"#36cc1c\" stop-opacity=\"1\"><\/stop><stop offset=\"100%\" stop-color=\"#035fa3\" stop-opacity=\"1\"><\/stop><\/linearGradient><path d=\"M56.729 62.983l-30.33 1.943L89.654 6.204 75.64 15.247 60.958.565a1.937 1.937 0 00-2.734 0L.564 58.225a1.937 1.937 0 000 2.734l35.844 35.845 20.321-33.821z\" fill=\"url(#SVGID_1)\"><\/path><linearGradient id=\"SVGID_2\" x1=\"0%\" y1=\"0%\" x2=\"100%\" y2=\"0%\" gradientTransform=\"rotate(90)\"><stop offset=\"0%\" stop-color=\"#82ea15\" stop-opacity=\"1\"><\/stop><stop offset=\"100%\" stop-color=\"#30aadd\" stop-opacity=\"1\"><\/stop><\/linearGradient><path d=\"M118.618 58.225L81.32 20.927 65.764 48.415l34.248-.616-58.646 53.962-17.754 16.338 19.121-14.972 15.491 15.491a1.94 1.94 0 002.734 0l57.66-57.66a1.94 1.94 0 000-2.733z\" fill=\"url(#SVGID_2)\"><\/path><\/g><\/g><\/svg>\t\t\t\t<\/a>\n\t\t\t<\/div>\n\t\t\t\n\t\t\t\t\t\t<div class=\"elementor-icon-box-content\">\n\n\t\t\t\t\t\t\t\t\t<h3 class=\"elementor-icon-box-title\">\n\t\t\t\t\t\t<a href=\"https:\/\/prophima.iwlab.org\/fr\/services\/les-armoires-de-comptage\/\" >\n\t\t\t\t\t\t\tDistributeur de comptage\t\t\t\t\t\t<\/a>\n\t\t\t\t\t<\/h3>\n\t\t\t\t\n\t\t\t\t\n\t\t\t<\/div>\n\t\t\t\n\t\t<\/div>\n\t\t\t\t\t\t<\/div>\n\t\t\t\t<\/div>\n\t\t\t\t\t<\/div>\n\t\t<\/div>\n\t\t\t\t<div class=\"elementor-column elementor-col-25 elementor-top-column elementor-element elementor-element-c9d8f48\" data-id=\"c9d8f48\" data-element_type=\"column\" data-e-type=\"column\">\n\t\t\t<div class=\"elementor-widget-wrap elementor-element-populated\">\n\t\t\t\t\t\t<div class=\"elementor-element elementor-element-029358f elementor-view-default elementor-position-block-start elementor-mobile-position-block-start elementor-widget elementor-widget-icon-box\" data-id=\"029358f\" data-element_type=\"widget\" data-e-type=\"widget\" data-widget_type=\"icon-box.default\">\n\t\t\t\t<div class=\"elementor-widget-container\">\n\t\t\t\t\t\t\t<div class=\"elementor-icon-box-wrapper\">\n\n\t\t\t\t\t\t<div class=\"elementor-icon-box-icon\">\n\t\t\t\t<a href=\"https:\/\/prophima.iwlab.org\/fr\/services\/installations-mcr\/\" class=\"elementor-icon\" tabindex=\"-1\" aria-label=\"Installations MCR\">\n\t\t\t\t<svg xmlns=\"http:\/\/www.w3.org\/2000\/svg\" xmlns:xlink=\"http:\/\/www.w3.org\/1999\/xlink\" xmlns:a=\"http:\/\/ns.adobe.com\/AdobeSVGViewerExtensions\/3.0\/\" x=\"0px\" y=\"0px\" width=\"201.00077015282\" height=\"200.99987792969\" xml:space=\"preserve\"><g transform=\"translate(0 0)\"><g transform=\"translate(0 0) scale(1.6865081542749 1.68650779349) rotate(0 59.590808868408 59.590557098389)\"><linearGradient id=\"SVGID_1\" x1=\"0%\" y1=\"0%\" x2=\"100%\" y2=\"0%\" gradientTransform=\"rotate(90)\"><stop offset=\"0%\" stop-color=\"#36cc1c\" stop-opacity=\"1\"><\/stop><stop offset=\"100%\" stop-color=\"#035fa3\" stop-opacity=\"1\"><\/stop><\/linearGradient><path d=\"M56.729 62.983l-30.33 1.943L89.654 6.204 75.64 15.247 60.958.565a1.937 1.937 0 00-2.734 0L.564 58.225a1.937 1.937 0 000 2.734l35.844 35.845 20.321-33.821z\" fill=\"url(#SVGID_1)\"><\/path><linearGradient id=\"SVGID_2\" x1=\"0%\" y1=\"0%\" x2=\"100%\" y2=\"0%\" gradientTransform=\"rotate(90)\"><stop offset=\"0%\" stop-color=\"#82ea15\" stop-opacity=\"1\"><\/stop><stop offset=\"100%\" stop-color=\"#30aadd\" stop-opacity=\"1\"><\/stop><\/linearGradient><path d=\"M118.618 58.225L81.32 20.927 65.764 48.415l34.248-.616-58.646 53.962-17.754 16.338 19.121-14.972 15.491 15.491a1.94 1.94 0 002.734 0l57.66-57.66a1.94 1.94 0 000-2.733z\" fill=\"url(#SVGID_2)\"><\/path><\/g><\/g><\/svg>\t\t\t\t<\/a>\n\t\t\t<\/div>\n\t\t\t\n\t\t\t\t\t\t<div class=\"elementor-icon-box-content\">\n\n\t\t\t\t\t\t\t\t\t<h3 class=\"elementor-icon-box-title\">\n\t\t\t\t\t\t<a href=\"https:\/\/prophima.iwlab.org\/fr\/services\/installations-mcr\/\" >\n\t\t\t\t\t\t\tInstallations MCR\t\t\t\t\t\t<\/a>\n\t\t\t\t\t<\/h3>\n\t\t\t\t\n\t\t\t\t\n\t\t\t<\/div>\n\t\t\t\n\t\t<\/div>\n\t\t\t\t\t\t<\/div>\n\t\t\t\t<\/div>\n\t\t\t\t\t<\/div>\n\t\t<\/div>\n\t\t\t\t\t<\/div>\n\t\t<\/section>\n\t\t\t\t<section class=\"elementor-section elementor-top-section elementor-element elementor-element-73fbd90 elementor-section-boxed elementor-section-height-default elementor-section-height-default\" data-id=\"73fbd90\" data-element_type=\"section\" data-e-type=\"section\">\n\t\t\t\t\t\t<div class=\"elementor-container elementor-column-gap-default\">\n\t\t\t\t\t<div class=\"elementor-column elementor-col-100 elementor-top-column elementor-element elementor-element-5fc7bc8\" data-id=\"5fc7bc8\" data-element_type=\"column\" data-e-type=\"column\">\n\t\t\t<div class=\"elementor-widget-wrap elementor-element-populated\">\n\t\t\t\t\t\t<div class=\"elementor-element elementor-element-e43184e elementor-widget elementor-widget-spacer\" data-id=\"e43184e\" data-element_type=\"widget\" data-e-type=\"widget\" data-widget_type=\"spacer.default\">\n\t\t\t\t<div class=\"elementor-widget-container\">\n\t\t\t\t\t\t\t<div class=\"elementor-spacer\">\n\t\t\t<div class=\"elementor-spacer-inner\"><\/div>\n\t\t<\/div>\n\t\t\t\t\t\t<\/div>\n\t\t\t\t<\/div>\n\t\t\t\t\t<\/div>\n\t\t<\/div>\n\t\t\t\t\t<\/div>\n\t\t<\/section>\n\t\t\t\t<\/div>\n\t\t","protected":false},"excerpt":{"rendered":"<p>Quelle est la sp\u00e9cialit\u00e9 qui vous int\u00e9resse ? Tableau de distribution principal Tableau de distribution secondaire Distributeur de comptage Installations MCR<\/p>\n","protected":false},"author":2,"featured_media":0,"parent":0,"menu_order":0,"comment_status":"closed","ping_status":"closed","template":"","meta":{"footnotes":""},"class_list":["post-988625","page","type-page","status-publish","hentry"],"_links":{"self":[{"href":"https:\/\/prophima.iwlab.org\/fr\/wp-json\/wp\/v2\/pages\/988625","targetHints":{"allow":["GET"]}}],"collection":[{"href":"https:\/\/prophima.iwlab.org\/fr\/wp-json\/wp\/v2\/pages"}],"about":[{"href":"https:\/\/prophima.iwlab.org\/fr\/wp-json\/wp\/v2\/types\/page"}],"author":[{"embeddable":true,"href":"https:\/\/prophima.iwlab.org\/fr\/wp-json\/wp\/v2\/users\/2"}],"replies":[{"embeddable":true,"href":"https:\/\/prophima.iwlab.org\/fr\/wp-json\/wp\/v2\/comments?post=988625"}],"version-history":[{"count":8,"href":"https:\/\/prophima.iwlab.org\/fr\/wp-json\/wp\/v2\/pages\/988625\/revisions"}],"predecessor-version":[{"id":988786,"href":"https:\/\/prophima.iwlab.org\/fr\/wp-json\/wp\/v2\/pages\/988625\/revisions\/988786"}],"wp:attachment":[{"href":"https:\/\/prophima.iwlab.org\/fr\/wp-json\/wp\/v2\/media?parent=988625"}],"curies":[{"name":"wp","href":"https:\/\/api.w.org\/{rel}","templated":true}]}}