{"id":988627,"date":"2023-04-25T09:19:39","date_gmt":"2023-04-25T09:19:39","guid":{"rendered":"https:\/\/www.prophima.ch\/services\/tableaux-de-distribution-principal\/"},"modified":"2023-07-06T15:25:26","modified_gmt":"2023-07-06T15:25:26","slug":"tableaux-de-distribution-principal","status":"publish","type":"page","link":"https:\/\/prophima.iwlab.org\/fr\/services\/tableaux-de-distribution-principal\/","title":{"rendered":"Tableau de distribution principal"},"content":{"rendered":"\t\t<div data-elementor-type=\"wp-page\" data-elementor-id=\"988627\" class=\"elementor elementor-988627 elementor-5308\" data-elementor-post-type=\"page\">\n\t\t\t\t\t\t<section class=\"elementor-section elementor-top-section elementor-element elementor-element-d32a041 elementor-section-boxed elementor-section-height-default elementor-section-height-default\" data-id=\"d32a041\" data-element_type=\"section\" data-e-type=\"section\">\n\t\t\t\t\t\t<div class=\"elementor-container elementor-column-gap-no\">\n\t\t\t\t\t<div class=\"elementor-column elementor-col-50 elementor-top-column elementor-element elementor-element-e223cb2\" data-id=\"e223cb2\" data-element_type=\"column\" data-e-type=\"column\">\n\t\t\t<div class=\"elementor-widget-wrap elementor-element-populated\">\n\t\t\t\t\t\t<div class=\"elementor-element elementor-element-c340ade elementor-position-inline-end elementor-widget__width-auto elementor-mobile-position-inline-end elementor-widget-mobile__width-auto elementor-view-default elementor-invisible elementor-widget elementor-widget-icon-box\" data-id=\"c340ade\" data-element_type=\"widget\" data-e-type=\"widget\" data-settings=\"{&quot;_animation&quot;:&quot;slideInUp&quot;}\" data-widget_type=\"icon-box.default\">\n\t\t\t\t<div class=\"elementor-widget-container\">\n\t\t\t\t\t\t\t<div class=\"elementor-icon-box-wrapper\">\n\n\t\t\t\t\t\t<div class=\"elementor-icon-box-icon\">\n\t\t\t\t<span  class=\"elementor-icon\">\n\t\t\t\t<i aria-hidden=\"true\" class=\"vamtamtheme- vamtam-theme-line-titles\"><\/i>\t\t\t\t<\/span>\n\t\t\t<\/div>\n\t\t\t\n\t\t\t\t\t\t<div class=\"elementor-icon-box-content\">\n\n\t\t\t\t\t\t\t\t\t<span class=\"elementor-icon-box-title\">\n\t\t\t\t\t\t<span  >\n\t\t\t\t\t\t\tServices\t\t\t\t\t\t<\/span>\n\t\t\t\t\t<\/span>\n\t\t\t\t\n\t\t\t\t\n\t\t\t<\/div>\n\t\t\t\n\t\t<\/div>\n\t\t\t\t\t\t<\/div>\n\t\t\t\t<\/div>\n\t\t\t\t<div class=\"elementor-element elementor-element-f24503a elementor-widget elementor-widget-heading\" data-id=\"f24503a\" data-element_type=\"widget\" data-e-type=\"widget\" data-widget_type=\"heading.default\">\n\t\t\t\t<div class=\"elementor-widget-container\">\n\t\t\t\t\t<h1 class=\"elementor-heading-title elementor-size-default\">Tableau de distribution principal<\/h1>\t\t\t\t<\/div>\n\t\t\t\t<\/div>\n\t\t\t\t\t<\/div>\n\t\t<\/div>\n\t\t\t\t<div class=\"elementor-column elementor-col-50 elementor-top-column elementor-element elementor-element-222fe62\" data-id=\"222fe62\" data-element_type=\"column\" data-e-type=\"column\">\n\t\t\t<div class=\"elementor-widget-wrap elementor-element-populated\">\n\t\t\t\t\t\t<div class=\"elementor-element elementor-element-498e7b3 elementor-widget elementor-widget-text-editor\" data-id=\"498e7b3\" data-element_type=\"widget\" data-e-type=\"widget\" data-widget_type=\"text-editor.default\">\n\t\t\t\t<div class=\"elementor-widget-container\">\n\t\t\t\t\t\t\t\t\t<p>Gr\u00e2ce \u00e0 notre longue exp\u00e9rience dans le dommaine des TGBT, nous sommes un partenaire fiable et performant pour la r\u00e9alisation de vos armoires de distribution. Nous travaillons avec les plus grands acteurs du march\u00e9 Suisse et nous vous offrons la plus grande des flexibilit\u00e9s. De 250A \u00e0 4000A nos installations r\u00e9pondent aux normes2006\/95\/EG Niederspannungsrichtlinie SN EN 61439-1\/2, et sauront r\u00e9pondre \u00e0 toutes vos exigences.<\/p>\n\t\t\t\t\t\t\t\t<\/div>\n\t\t\t\t<\/div>\n\t\t\t\t\t<\/div>\n\t\t<\/div>\n\t\t\t\t\t<\/div>\n\t\t<\/section>\n\t\t\t\t<section class=\"elementor-section elementor-top-section elementor-element elementor-element-46c979d elementor-section-boxed elementor-section-height-default elementor-section-height-default\" data-id=\"46c979d\" data-element_type=\"section\" data-e-type=\"section\">\n\t\t\t\t\t\t<div class=\"elementor-container elementor-column-gap-default\">\n\t\t\t\t\t<div class=\"elementor-column elementor-col-100 elementor-top-column elementor-element elementor-element-e6ac906\" data-id=\"e6ac906\" data-element_type=\"column\" data-e-type=\"column\">\n\t\t\t<div class=\"elementor-widget-wrap elementor-element-populated\">\n\t\t\t\t\t\t<div class=\"elementor-element elementor-element-5ad6ee4 elementor-widget elementor-widget-heading\" data-id=\"5ad6ee4\" data-element_type=\"widget\" data-e-type=\"widget\" data-widget_type=\"heading.default\">\n\t\t\t\t<div class=\"elementor-widget-container\">\n\t\t\t\t\t<h3 class=\"elementor-heading-title elementor-size-default\">Vos personnes de contact dans toute la Suisse !<\/h3>\t\t\t\t<\/div>\n\t\t\t\t<\/div>\n\t\t\t\t<div class=\"elementor-element elementor-element-aa0acdb elementor-widget elementor-widget-spacer\" data-id=\"aa0acdb\" data-element_type=\"widget\" data-e-type=\"widget\" data-widget_type=\"spacer.default\">\n\t\t\t\t<div class=\"elementor-widget-container\">\n\t\t\t\t\t\t\t<div class=\"elementor-spacer\">\n\t\t\t<div class=\"elementor-spacer-inner\"><\/div>\n\t\t<\/div>\n\t\t\t\t\t\t<\/div>\n\t\t\t\t<\/div>\n\t\t\t\t\t<\/div>\n\t\t<\/div>\n\t\t\t\t\t<\/div>\n\t\t<\/section>\n\t\t\t\t<section class=\"elementor-section elementor-top-section elementor-element elementor-element-3847ed0 elementor-section-boxed elementor-section-height-default elementor-section-height-default\" data-id=\"3847ed0\" data-element_type=\"section\" data-e-type=\"section\">\n\t\t\t\t\t\t<div class=\"elementor-container elementor-column-gap-default\">\n\t\t\t\t\t<div class=\"elementor-column elementor-col-33 elementor-top-column elementor-element elementor-element-4698df9\" data-id=\"4698df9\" data-element_type=\"column\" data-e-type=\"column\">\n\t\t\t<div class=\"elementor-widget-wrap elementor-element-populated\">\n\t\t\t\t\t\t<div class=\"elementor-element elementor-element-e1f267b elementor-widget elementor-widget-heading\" data-id=\"e1f267b\" data-element_type=\"widget\" data-e-type=\"widget\" data-widget_type=\"heading.default\">\n\t\t\t\t<div class=\"elementor-widget-container\">\n\t\t\t\t\t<h3 class=\"elementor-heading-title elementor-size-default\">Roland Pf\u00e4ffli<\/h3>\t\t\t\t<\/div>\n\t\t\t\t<\/div>\n\t\t\t\t<div class=\"elementor-element elementor-element-ac893c8 elementor-widget elementor-widget-text-editor\" data-id=\"ac893c8\" data-element_type=\"widget\" data-e-type=\"widget\" data-widget_type=\"text-editor.default\">\n\t\t\t\t<div class=\"elementor-widget-container\">\n\t\t\t\t\t\t\t\t\t<p>Chef de projet<\/p>\n\t\t\t\t\t\t\t\t<\/div>\n\t\t\t\t<\/div>\n\t\t\t\t<div class=\"elementor-element elementor-element-2ddaf7a elementor-widget elementor-widget-image\" data-id=\"2ddaf7a\" data-element_type=\"widget\" data-e-type=\"widget\" data-widget_type=\"image.default\">\n\t\t\t\t<div class=\"elementor-widget-container\">\n\t\t\t\t\t\t\t\t\t\t\t\t\t\t\t<img fetchpriority=\"high\" decoding=\"async\" width=\"1024\" height=\"625\" src=\"https:\/\/prophima.iwlab.org\/wp-content\/uploads\/2023\/04\/Prophima-7-1024x625.jpg\" class=\"attachment-large size-large wp-image-988600\" alt=\"\" srcset=\"https:\/\/prophima.iwlab.org\/wp-content\/uploads\/2023\/04\/Prophima-7-1024x625.jpg 1024w, https:\/\/prophima.iwlab.org\/wp-content\/uploads\/2023\/04\/Prophima-7-300x183.jpg 300w, https:\/\/prophima.iwlab.org\/wp-content\/uploads\/2023\/04\/Prophima-7-768x469.jpg 768w, https:\/\/prophima.iwlab.org\/wp-content\/uploads\/2023\/04\/Prophima-7.jpg 1500w\" sizes=\"(max-width: 1024px) 100vw, 1024px\" \/>\t\t\t\t\t\t\t\t\t\t\t\t\t\t\t<\/div>\n\t\t\t\t<\/div>\n\t\t\t\t<div class=\"elementor-element elementor-element-246f822 elementor-widget elementor-widget-text-editor\" data-id=\"246f822\" data-element_type=\"widget\" data-e-type=\"widget\" data-widget_type=\"text-editor.default\">\n\t\t\t\t<div class=\"elementor-widget-container\">\n\t\t\t\t\t\t\t\t\t<p><a href=\"mailto:r.pfaeffli@prophima.ch\">r.pfaeffli@prophima.ch<span class=\"Apple-converted-space\">  <\/span><\/a><\/p>\n<p>+41 79 399 07 73<span class=\"Apple-converted-space\"> <\/span><\/p>\n\t\t\t\t\t\t\t\t<\/div>\n\t\t\t\t<\/div>\n\t\t\t\t\t<\/div>\n\t\t<\/div>\n\t\t\t\t<div class=\"elementor-column elementor-col-33 elementor-top-column elementor-element elementor-element-05e857c\" data-id=\"05e857c\" data-element_type=\"column\" data-e-type=\"column\">\n\t\t\t<div class=\"elementor-widget-wrap elementor-element-populated\">\n\t\t\t\t\t\t<div class=\"elementor-element elementor-element-ed3a960 elementor-widget elementor-widget-heading\" data-id=\"ed3a960\" data-element_type=\"widget\" data-e-type=\"widget\" data-widget_type=\"heading.default\">\n\t\t\t\t<div class=\"elementor-widget-container\">\n\t\t\t\t\t<h3 class=\"elementor-heading-title elementor-size-default\">Marc Wininger<\/h3>\t\t\t\t<\/div>\n\t\t\t\t<\/div>\n\t\t\t\t<div class=\"elementor-element elementor-element-b547700 elementor-widget elementor-widget-text-editor\" data-id=\"b547700\" data-element_type=\"widget\" data-e-type=\"widget\" data-widget_type=\"text-editor.default\">\n\t\t\t\t<div class=\"elementor-widget-container\">\n\t\t\t\t\t\t\t\t\t<p>Chef de projet<\/p>\n\t\t\t\t\t\t\t\t<\/div>\n\t\t\t\t<\/div>\n\t\t\t\t<div class=\"elementor-element elementor-element-f580e77 elementor-widget elementor-widget-image\" data-id=\"f580e77\" data-element_type=\"widget\" data-e-type=\"widget\" data-widget_type=\"image.default\">\n\t\t\t\t<div class=\"elementor-widget-container\">\n\t\t\t\t\t\t\t\t\t\t\t\t\t\t\t<img decoding=\"async\" width=\"1024\" height=\"625\" src=\"https:\/\/prophima.iwlab.org\/wp-content\/uploads\/2023\/04\/Prophima-8-e1683268420710-1024x625.jpg\" class=\"attachment-large size-large wp-image-988601\" alt=\"\" srcset=\"https:\/\/prophima.iwlab.org\/wp-content\/uploads\/2023\/04\/Prophima-8-e1683268420710-1024x625.jpg 1024w, https:\/\/prophima.iwlab.org\/wp-content\/uploads\/2023\/04\/Prophima-8-e1683268420710-300x183.jpg 300w, https:\/\/prophima.iwlab.org\/wp-content\/uploads\/2023\/04\/Prophima-8-e1683268420710-768x468.jpg 768w, https:\/\/prophima.iwlab.org\/wp-content\/uploads\/2023\/04\/Prophima-8-e1683268420710.jpg 1500w\" sizes=\"(max-width: 1024px) 100vw, 1024px\" \/>\t\t\t\t\t\t\t\t\t\t\t\t\t\t\t<\/div>\n\t\t\t\t<\/div>\n\t\t\t\t<div class=\"elementor-element elementor-element-7ccd6f7 elementor-widget elementor-widget-text-editor\" data-id=\"7ccd6f7\" data-element_type=\"widget\" data-e-type=\"widget\" data-widget_type=\"text-editor.default\">\n\t\t\t\t<div class=\"elementor-widget-container\">\n\t\t\t\t\t\t\t\t\t<p><a href=\"mailto:m.wininger@prophima.ch\">m.wininger@prophima.ch<\/a><\/p>\n<p>+41 79 617 40 59<\/p>\n\t\t\t\t\t\t\t\t<\/div>\n\t\t\t\t<\/div>\n\t\t\t\t\t<\/div>\n\t\t<\/div>\n\t\t\t\t<div class=\"elementor-column elementor-col-33 elementor-top-column elementor-element elementor-element-f935077\" data-id=\"f935077\" data-element_type=\"column\" data-e-type=\"column\">\n\t\t\t<div class=\"elementor-widget-wrap elementor-element-populated\">\n\t\t\t\t\t\t<div class=\"elementor-element elementor-element-657a478 elementor-widget elementor-widget-heading\" data-id=\"657a478\" data-element_type=\"widget\" data-e-type=\"widget\" data-widget_type=\"heading.default\">\n\t\t\t\t<div class=\"elementor-widget-container\">\n\t\t\t\t\t<h3 class=\"elementor-heading-title elementor-size-default\">Ronald Curty<\/h3>\t\t\t\t<\/div>\n\t\t\t\t<\/div>\n\t\t\t\t<div class=\"elementor-element elementor-element-951faa2 elementor-widget elementor-widget-text-editor\" data-id=\"951faa2\" data-element_type=\"widget\" data-e-type=\"widget\" data-widget_type=\"text-editor.default\">\n\t\t\t\t<div class=\"elementor-widget-container\">\n\t\t\t\t\t\t\t\t\t<p>Directeur Fondateur \/ Personne de contact pour la Suisse romande<\/p>\n\t\t\t\t\t\t\t\t<\/div>\n\t\t\t\t<\/div>\n\t\t\t\t<div class=\"elementor-element elementor-element-e97ffcb elementor-widget elementor-widget-image\" data-id=\"e97ffcb\" data-element_type=\"widget\" data-e-type=\"widget\" data-widget_type=\"image.default\">\n\t\t\t\t<div class=\"elementor-widget-container\">\n\t\t\t\t\t\t\t\t\t\t\t\t\t\t\t<img decoding=\"async\" width=\"1024\" height=\"625\" src=\"https:\/\/prophima.iwlab.org\/wp-content\/uploads\/2023\/04\/Prophima-6-e1683268380491-1024x625.jpg\" class=\"attachment-large size-large wp-image-988599\" alt=\"\" srcset=\"https:\/\/prophima.iwlab.org\/wp-content\/uploads\/2023\/04\/Prophima-6-e1683268380491-1024x625.jpg 1024w, https:\/\/prophima.iwlab.org\/wp-content\/uploads\/2023\/04\/Prophima-6-e1683268380491-300x183.jpg 300w, https:\/\/prophima.iwlab.org\/wp-content\/uploads\/2023\/04\/Prophima-6-e1683268380491-768x468.jpg 768w, https:\/\/prophima.iwlab.org\/wp-content\/uploads\/2023\/04\/Prophima-6-e1683268380491.jpg 1500w\" sizes=\"(max-width: 1024px) 100vw, 1024px\" \/>\t\t\t\t\t\t\t\t\t\t\t\t\t\t\t<\/div>\n\t\t\t\t<\/div>\n\t\t\t\t<div class=\"elementor-element elementor-element-be5306f elementor-widget elementor-widget-text-editor\" data-id=\"be5306f\" data-element_type=\"widget\" data-e-type=\"widget\" data-widget_type=\"text-editor.default\">\n\t\t\t\t<div class=\"elementor-widget-container\">\n\t\t\t\t\t\t\t\t\t<p><a href=\"mailto:r.curty@prophima.ch\">r.curty@prophima.ch<\/a><\/p>\n<p>+41 79 387 22 21<\/p>\n\t\t\t\t\t\t\t\t<\/div>\n\t\t\t\t<\/div>\n\t\t\t\t\t<\/div>\n\t\t<\/div>\n\t\t\t\t\t<\/div>\n\t\t<\/section>\n\t\t\t\t<section class=\"elementor-section elementor-top-section elementor-element elementor-element-edb3172 elementor-section-boxed elementor-section-height-default elementor-section-height-default\" data-id=\"edb3172\" data-element_type=\"section\" data-e-type=\"section\">\n\t\t\t\t\t\t<div class=\"elementor-container elementor-column-gap-default\">\n\t\t\t\t\t<div class=\"elementor-column elementor-col-100 elementor-top-column elementor-element elementor-element-0c14d78\" data-id=\"0c14d78\" data-element_type=\"column\" data-e-type=\"column\">\n\t\t\t<div class=\"elementor-widget-wrap elementor-element-populated\">\n\t\t\t\t\t\t<div class=\"elementor-element elementor-element-49fc5c5 elementor-widget elementor-widget-spacer\" data-id=\"49fc5c5\" data-element_type=\"widget\" data-e-type=\"widget\" data-widget_type=\"spacer.default\">\n\t\t\t\t<div class=\"elementor-widget-container\">\n\t\t\t\t\t\t\t<div class=\"elementor-spacer\">\n\t\t\t<div class=\"elementor-spacer-inner\"><\/div>\n\t\t<\/div>\n\t\t\t\t\t\t<\/div>\n\t\t\t\t<\/div>\n\t\t\t\t\t<\/div>\n\t\t<\/div>\n\t\t\t\t\t<\/div>\n\t\t<\/section>\n\t\t\t\t<\/div>\n\t\t","protected":false},"excerpt":{"rendered":"<p>Services Tableau de distribution principal Gr\u00e2ce \u00e0 notre longue exp\u00e9rience dans le dommaine des TGBT, nous sommes un partenaire fiable et performant pour la r\u00e9alisation de vos armoires de distribution. Nous travaillons avec les plus grands acteurs du march\u00e9 Suisse et nous vous offrons la plus grande des flexibilit\u00e9s. De 250A \u00e0 4000A nos installations&#8230;<\/p>\n","protected":false},"author":2,"featured_media":0,"parent":988625,"menu_order":0,"comment_status":"closed","ping_status":"closed","template":"","meta":{"footnotes":""},"class_list":["post-988627","page","type-page","status-publish","hentry"],"_links":{"self":[{"href":"https:\/\/prophima.iwlab.org\/fr\/wp-json\/wp\/v2\/pages\/988627","targetHints":{"allow":["GET"]}}],"collection":[{"href":"https:\/\/prophima.iwlab.org\/fr\/wp-json\/wp\/v2\/pages"}],"about":[{"href":"https:\/\/prophima.iwlab.org\/fr\/wp-json\/wp\/v2\/types\/page"}],"author":[{"embeddable":true,"href":"https:\/\/prophima.iwlab.org\/fr\/wp-json\/wp\/v2\/users\/2"}],"replies":[{"embeddable":true,"href":"https:\/\/prophima.iwlab.org\/fr\/wp-json\/wp\/v2\/comments?post=988627"}],"version-history":[{"count":5,"href":"https:\/\/prophima.iwlab.org\/fr\/wp-json\/wp\/v2\/pages\/988627\/revisions"}],"predecessor-version":[{"id":988659,"href":"https:\/\/prophima.iwlab.org\/fr\/wp-json\/wp\/v2\/pages\/988627\/revisions\/988659"}],"up":[{"embeddable":true,"href":"https:\/\/prophima.iwlab.org\/fr\/wp-json\/wp\/v2\/pages\/988625"}],"wp:attachment":[{"href":"https:\/\/prophima.iwlab.org\/fr\/wp-json\/wp\/v2\/media?parent=988627"}],"curies":[{"name":"wp","href":"https:\/\/api.w.org\/{rel}","templated":true}]}}