{"id":988629,"date":"2023-04-25T09:25:28","date_gmt":"2023-04-25T09:25:28","guid":{"rendered":"https:\/\/www.prophima.ch\/services\/installations-mcr\/"},"modified":"2023-07-06T14:44:14","modified_gmt":"2023-07-06T14:44:14","slug":"installations-mcr","status":"publish","type":"page","link":"https:\/\/prophima.iwlab.org\/fr\/services\/installations-mcr\/","title":{"rendered":"Installations MCR"},"content":{"rendered":"\t\t<div data-elementor-type=\"wp-page\" data-elementor-id=\"988629\" class=\"elementor elementor-988629 elementor-9379\" data-elementor-post-type=\"page\">\n\t\t\t\t\t\t<section class=\"elementor-section elementor-top-section elementor-element elementor-element-6715f15b elementor-section-boxed elementor-section-height-default elementor-section-height-default\" data-id=\"6715f15b\" data-element_type=\"section\" data-e-type=\"section\">\n\t\t\t\t\t\t<div class=\"elementor-container elementor-column-gap-no\">\n\t\t\t\t\t<div class=\"elementor-column elementor-col-50 elementor-top-column elementor-element elementor-element-24fe5f2\" data-id=\"24fe5f2\" data-element_type=\"column\" data-e-type=\"column\">\n\t\t\t<div class=\"elementor-widget-wrap elementor-element-populated\">\n\t\t\t\t\t\t<div class=\"elementor-element elementor-element-5e09a60a elementor-position-inline-end elementor-widget__width-auto elementor-mobile-position-inline-end elementor-widget-mobile__width-auto elementor-view-default elementor-invisible elementor-widget elementor-widget-icon-box\" data-id=\"5e09a60a\" data-element_type=\"widget\" data-e-type=\"widget\" data-settings=\"{&quot;_animation&quot;:&quot;slideInUp&quot;}\" data-widget_type=\"icon-box.default\">\n\t\t\t\t<div class=\"elementor-widget-container\">\n\t\t\t\t\t\t\t<div class=\"elementor-icon-box-wrapper\">\n\n\t\t\t\t\t\t<div class=\"elementor-icon-box-icon\">\n\t\t\t\t<span  class=\"elementor-icon\">\n\t\t\t\t<i aria-hidden=\"true\" class=\"vamtamtheme- vamtam-theme-line-titles\"><\/i>\t\t\t\t<\/span>\n\t\t\t<\/div>\n\t\t\t\n\t\t\t\t\t\t<div class=\"elementor-icon-box-content\">\n\n\t\t\t\t\t\t\t\t\t<span class=\"elementor-icon-box-title\">\n\t\t\t\t\t\t<span  >\n\t\t\t\t\t\t\tServices\t\t\t\t\t\t<\/span>\n\t\t\t\t\t<\/span>\n\t\t\t\t\n\t\t\t\t\n\t\t\t<\/div>\n\t\t\t\n\t\t<\/div>\n\t\t\t\t\t\t<\/div>\n\t\t\t\t<\/div>\n\t\t\t\t\t<\/div>\n\t\t<\/div>\n\t\t\t\t<div class=\"elementor-column elementor-col-50 elementor-top-column elementor-element elementor-element-65a5067f\" data-id=\"65a5067f\" data-element_type=\"column\" data-e-type=\"column\">\n\t\t\t<div class=\"elementor-widget-wrap elementor-element-populated\">\n\t\t\t\t\t\t<div class=\"elementor-element elementor-element-271d78ab elementor-widget elementor-widget-text-editor\" data-id=\"271d78ab\" data-element_type=\"widget\" data-e-type=\"widget\" data-widget_type=\"text-editor.default\">\n\t\t\t\t<div class=\"elementor-widget-container\">\n\t\t\t\t\t\t\t\t\t<p>Toujours plus performants et r\u00e9pondants \u00e0 des normes en constante \u00e9volution, les tableaux de commande et de r\u00e9gulation (MSR ou MCR) sont le centre n\u00e9vralgique et de contr\u00f4le d&rsquo;un batiment. G\u00e9r\u00e9s par un SPS elle permet de coordonner tous les acteurs entre eux. Ces tableaux complexes sont exigeants et n\u00e9cessite une r\u00e9elle maitrise des normes et de la sch\u00e9matique. Nous avons cette expertise et nos nombreux projets r\u00e9alis\u00e9s avec succ\u00e8s dans ce domaine pointu nous donnent une vraie l\u00e9gitimit\u00e9. Nous sommes le partenaire fiable qu&rsquo;il vous faut pour mener \u00e0 bien vos projets en MSR. <\/p>\n<p>Nos installations r\u00e9pondent aux normes 2006\/95\/EG Niederspannungsrichtlinie SN EN 61439-1\/2 ainsi que la norme 2006\/42\/EG Maschinenrichtlinie<\/p>\n\t\t\t\t\t\t\t\t<\/div>\n\t\t\t\t<\/div>\n\t\t\t\t\t<\/div>\n\t\t<\/div>\n\t\t\t\t\t<\/div>\n\t\t<\/section>\n\t\t\t\t<section class=\"elementor-section elementor-top-section elementor-element elementor-element-9031582 elementor-section-boxed elementor-section-height-default elementor-section-height-default\" data-id=\"9031582\" data-element_type=\"section\" data-e-type=\"section\">\n\t\t\t\t\t\t<div class=\"elementor-container elementor-column-gap-default\">\n\t\t\t\t\t<div class=\"elementor-column elementor-col-100 elementor-top-column elementor-element elementor-element-d3164f5\" data-id=\"d3164f5\" data-element_type=\"column\" data-e-type=\"column\">\n\t\t\t<div class=\"elementor-widget-wrap elementor-element-populated\">\n\t\t\t\t\t\t<div class=\"elementor-element elementor-element-0da9ca6 elementor-widget elementor-widget-heading\" data-id=\"0da9ca6\" data-element_type=\"widget\" data-e-type=\"widget\" data-widget_type=\"heading.default\">\n\t\t\t\t<div class=\"elementor-widget-container\">\n\t\t\t\t\t<h2 class=\"elementor-heading-title elementor-size-default\"><span class=\"elementor-heading-title elementor-size-default elementor-inline-editing pen\" data-elementor-setting-key=\"title\" data-pen-placeholder=\"\u00c9crivez ici...\" style=\"font: var(--vamtam-h3-font-style,normal) var(--vamtam-h3-font-weight,normal) var(--vamtam-h3-font-size-desktop)\/var(--vamtam-h3-line-height-desktop) var(--vamtam-h3-font-family);line-height: var( --e-global-typography-vamtam_h3-line-height )\">Vos personnes de contact dans toute la Suisse !<\/span><\/h2>\t\t\t\t<\/div>\n\t\t\t\t<\/div>\n\t\t\t\t<div class=\"elementor-element elementor-element-e836b63 elementor-widget elementor-widget-spacer\" data-id=\"e836b63\" data-element_type=\"widget\" data-e-type=\"widget\" data-widget_type=\"spacer.default\">\n\t\t\t\t<div class=\"elementor-widget-container\">\n\t\t\t\t\t\t\t<div class=\"elementor-spacer\">\n\t\t\t<div class=\"elementor-spacer-inner\"><\/div>\n\t\t<\/div>\n\t\t\t\t\t\t<\/div>\n\t\t\t\t<\/div>\n\t\t\t\t\t<\/div>\n\t\t<\/div>\n\t\t\t\t\t<\/div>\n\t\t<\/section>\n\t\t\t\t<section class=\"elementor-section elementor-top-section elementor-element elementor-element-a8241ee elementor-section-boxed elementor-section-height-default elementor-section-height-default\" data-id=\"a8241ee\" data-element_type=\"section\" data-e-type=\"section\">\n\t\t\t\t\t\t<div class=\"elementor-container elementor-column-gap-default\">\n\t\t\t\t\t<div class=\"elementor-column elementor-col-33 elementor-top-column elementor-element elementor-element-8e99cb8\" data-id=\"8e99cb8\" data-element_type=\"column\" data-e-type=\"column\">\n\t\t\t<div class=\"elementor-widget-wrap elementor-element-populated\">\n\t\t\t\t\t\t<div class=\"elementor-element elementor-element-99775ce elementor-widget elementor-widget-heading\" data-id=\"99775ce\" data-element_type=\"widget\" data-e-type=\"widget\" data-widget_type=\"heading.default\">\n\t\t\t\t<div class=\"elementor-widget-container\">\n\t\t\t\t\t<h3 class=\"elementor-heading-title elementor-size-default\">Marc Thomas<\/h3>\t\t\t\t<\/div>\n\t\t\t\t<\/div>\n\t\t\t\t<div class=\"elementor-element elementor-element-e484ede elementor-widget elementor-widget-text-editor\" data-id=\"e484ede\" data-element_type=\"widget\" data-e-type=\"widget\" data-widget_type=\"text-editor.default\">\n\t\t\t\t<div class=\"elementor-widget-container\">\n\t\t\t\t\t\t\t\t\t<p>Directeur \/ Fondateur<\/p>\n\t\t\t\t\t\t\t\t<\/div>\n\t\t\t\t<\/div>\n\t\t\t\t<div class=\"elementor-element elementor-element-49500a5 elementor-widget elementor-widget-image\" data-id=\"49500a5\" data-element_type=\"widget\" data-e-type=\"widget\" data-widget_type=\"image.default\">\n\t\t\t\t<div class=\"elementor-widget-container\">\n\t\t\t\t\t\t\t\t\t\t\t\t\t\t\t<img fetchpriority=\"high\" decoding=\"async\" width=\"1024\" height=\"637\" src=\"https:\/\/prophima.iwlab.org\/wp-content\/uploads\/2023\/04\/Prophima-9-1024x637.jpg\" class=\"attachment-large size-large wp-image-988602\" alt=\"\" srcset=\"https:\/\/prophima.iwlab.org\/wp-content\/uploads\/2023\/04\/Prophima-9-1024x637.jpg 1024w, https:\/\/prophima.iwlab.org\/wp-content\/uploads\/2023\/04\/Prophima-9-300x187.jpg 300w, https:\/\/prophima.iwlab.org\/wp-content\/uploads\/2023\/04\/Prophima-9-768x478.jpg 768w, https:\/\/prophima.iwlab.org\/wp-content\/uploads\/2023\/04\/Prophima-9.jpg 1500w\" sizes=\"(max-width: 1024px) 100vw, 1024px\" \/>\t\t\t\t\t\t\t\t\t\t\t\t\t\t\t<\/div>\n\t\t\t\t<\/div>\n\t\t\t\t<div class=\"elementor-element elementor-element-cb940fd elementor-widget elementor-widget-text-editor\" data-id=\"cb940fd\" data-element_type=\"widget\" data-e-type=\"widget\" data-widget_type=\"text-editor.default\">\n\t\t\t\t<div class=\"elementor-widget-container\">\n\t\t\t\t\t\t\t\t\t<p><a href=\"mailto:m.thomas@prophima.ch\">m.thomas@prophima.ch<\/a><\/p>\n<p>+41 79 896 17 18<\/p>\n\t\t\t\t\t\t\t\t<\/div>\n\t\t\t\t<\/div>\n\t\t\t\t\t<\/div>\n\t\t<\/div>\n\t\t\t\t<div class=\"elementor-column elementor-col-33 elementor-top-column elementor-element elementor-element-83320c4\" data-id=\"83320c4\" data-element_type=\"column\" data-e-type=\"column\">\n\t\t\t<div class=\"elementor-widget-wrap elementor-element-populated\">\n\t\t\t\t\t\t<div class=\"elementor-element elementor-element-050cc8a elementor-widget elementor-widget-heading\" data-id=\"050cc8a\" data-element_type=\"widget\" data-e-type=\"widget\" data-widget_type=\"heading.default\">\n\t\t\t\t<div class=\"elementor-widget-container\">\n\t\t\t\t\t<h3 class=\"elementor-heading-title elementor-size-default\">Marc Wininger<\/h3>\t\t\t\t<\/div>\n\t\t\t\t<\/div>\n\t\t\t\t<div class=\"elementor-element elementor-element-ad18a1b elementor-widget elementor-widget-text-editor\" data-id=\"ad18a1b\" data-element_type=\"widget\" data-e-type=\"widget\" data-widget_type=\"text-editor.default\">\n\t\t\t\t<div class=\"elementor-widget-container\">\n\t\t\t\t\t\t\t\t\t<p>Chef de projet<\/p>\n\t\t\t\t\t\t\t\t<\/div>\n\t\t\t\t<\/div>\n\t\t\t\t<div class=\"elementor-element elementor-element-73d8fd2 elementor-widget elementor-widget-image\" data-id=\"73d8fd2\" data-element_type=\"widget\" data-e-type=\"widget\" data-widget_type=\"image.default\">\n\t\t\t\t<div class=\"elementor-widget-container\">\n\t\t\t\t\t\t\t\t\t\t\t\t\t\t\t<img decoding=\"async\" width=\"1024\" height=\"625\" src=\"https:\/\/prophima.iwlab.org\/wp-content\/uploads\/2023\/04\/Prophima-8-e1683268420710-1024x625.jpg\" class=\"attachment-large size-large wp-image-988601\" alt=\"\" srcset=\"https:\/\/prophima.iwlab.org\/wp-content\/uploads\/2023\/04\/Prophima-8-e1683268420710-1024x625.jpg 1024w, https:\/\/prophima.iwlab.org\/wp-content\/uploads\/2023\/04\/Prophima-8-e1683268420710-300x183.jpg 300w, https:\/\/prophima.iwlab.org\/wp-content\/uploads\/2023\/04\/Prophima-8-e1683268420710-768x468.jpg 768w, https:\/\/prophima.iwlab.org\/wp-content\/uploads\/2023\/04\/Prophima-8-e1683268420710.jpg 1500w\" sizes=\"(max-width: 1024px) 100vw, 1024px\" \/>\t\t\t\t\t\t\t\t\t\t\t\t\t\t\t<\/div>\n\t\t\t\t<\/div>\n\t\t\t\t<div class=\"elementor-element elementor-element-061bc33 elementor-widget elementor-widget-text-editor\" data-id=\"061bc33\" data-element_type=\"widget\" data-e-type=\"widget\" data-widget_type=\"text-editor.default\">\n\t\t\t\t<div class=\"elementor-widget-container\">\n\t\t\t\t\t\t\t\t\t<p><a href=\"mailto:m.wininger@prophima.ch\">m.wininger@prophima.ch<\/a><\/p>\n<p>+41 79 617 40 59<\/p>\n\t\t\t\t\t\t\t\t<\/div>\n\t\t\t\t<\/div>\n\t\t\t\t\t<\/div>\n\t\t<\/div>\n\t\t\t\t<div class=\"elementor-column elementor-col-33 elementor-top-column elementor-element elementor-element-0ccc9ca\" data-id=\"0ccc9ca\" data-element_type=\"column\" data-e-type=\"column\">\n\t\t\t<div class=\"elementor-widget-wrap elementor-element-populated\">\n\t\t\t\t\t\t<div class=\"elementor-element elementor-element-7b593c3 elementor-widget elementor-widget-heading\" data-id=\"7b593c3\" data-element_type=\"widget\" data-e-type=\"widget\" data-widget_type=\"heading.default\">\n\t\t\t\t<div class=\"elementor-widget-container\">\n\t\t\t\t\t<h3 class=\"elementor-heading-title elementor-size-default\">Ronald Curty<\/h3>\t\t\t\t<\/div>\n\t\t\t\t<\/div>\n\t\t\t\t<div class=\"elementor-element elementor-element-7e83d42 elementor-widget elementor-widget-text-editor\" data-id=\"7e83d42\" data-element_type=\"widget\" data-e-type=\"widget\" data-widget_type=\"text-editor.default\">\n\t\t\t\t<div class=\"elementor-widget-container\">\n\t\t\t\t\t\t\t\t\t<p><span style=\"font-family: 'Titillium Web', sans-serif; font-size: 14px; font-style: normal; font-variant-caps: normal;\">Directeur Fondateur \/ Personne de contact pour la Suisse romande<\/span><\/p>\n\t\t\t\t\t\t\t\t<\/div>\n\t\t\t\t<\/div>\n\t\t\t\t<div class=\"elementor-element elementor-element-163c97e elementor-widget elementor-widget-image\" data-id=\"163c97e\" data-element_type=\"widget\" data-e-type=\"widget\" data-widget_type=\"image.default\">\n\t\t\t\t<div class=\"elementor-widget-container\">\n\t\t\t\t\t\t\t\t\t\t\t\t\t\t\t<img decoding=\"async\" width=\"1024\" height=\"625\" src=\"https:\/\/prophima.iwlab.org\/wp-content\/uploads\/2023\/04\/Prophima-6-e1683268380491-1024x625.jpg\" class=\"attachment-large size-large wp-image-988599\" alt=\"\" srcset=\"https:\/\/prophima.iwlab.org\/wp-content\/uploads\/2023\/04\/Prophima-6-e1683268380491-1024x625.jpg 1024w, https:\/\/prophima.iwlab.org\/wp-content\/uploads\/2023\/04\/Prophima-6-e1683268380491-300x183.jpg 300w, https:\/\/prophima.iwlab.org\/wp-content\/uploads\/2023\/04\/Prophima-6-e1683268380491-768x468.jpg 768w, https:\/\/prophima.iwlab.org\/wp-content\/uploads\/2023\/04\/Prophima-6-e1683268380491.jpg 1500w\" sizes=\"(max-width: 1024px) 100vw, 1024px\" \/>\t\t\t\t\t\t\t\t\t\t\t\t\t\t\t<\/div>\n\t\t\t\t<\/div>\n\t\t\t\t<div class=\"elementor-element elementor-element-72e41d3 elementor-widget elementor-widget-text-editor\" data-id=\"72e41d3\" data-element_type=\"widget\" data-e-type=\"widget\" data-widget_type=\"text-editor.default\">\n\t\t\t\t<div class=\"elementor-widget-container\">\n\t\t\t\t\t\t\t\t\t<p><a href=\"mailto:r.curty@prophima.ch\">r.curty@prophima.ch<\/a><\/p>\n<p>+41 79 387 22 21<\/p>\n\t\t\t\t\t\t\t\t<\/div>\n\t\t\t\t<\/div>\n\t\t\t\t\t<\/div>\n\t\t<\/div>\n\t\t\t\t\t<\/div>\n\t\t<\/section>\n\t\t\t\t<section class=\"elementor-section elementor-top-section elementor-element elementor-element-b2b7f52 elementor-section-boxed elementor-section-height-default elementor-section-height-default\" data-id=\"b2b7f52\" data-element_type=\"section\" data-e-type=\"section\">\n\t\t\t\t\t\t<div class=\"elementor-container elementor-column-gap-default\">\n\t\t\t\t\t<div class=\"elementor-column elementor-col-100 elementor-top-column elementor-element elementor-element-ff30622\" data-id=\"ff30622\" data-element_type=\"column\" data-e-type=\"column\">\n\t\t\t<div class=\"elementor-widget-wrap\">\n\t\t\t\t\t\t\t<\/div>\n\t\t<\/div>\n\t\t\t\t\t<\/div>\n\t\t<\/section>\n\t\t\t\t<\/div>\n\t\t","protected":false},"excerpt":{"rendered":"<p>Services Toujours plus performants et r\u00e9pondants \u00e0 des normes en constante \u00e9volution, les tableaux de commande et de r\u00e9gulation (MSR ou MCR) sont le centre n\u00e9vralgique et de contr\u00f4le d&rsquo;un batiment. G\u00e9r\u00e9s par un SPS elle permet de coordonner tous les acteurs entre eux. Ces tableaux complexes sont exigeants et n\u00e9cessite une r\u00e9elle maitrise des&#8230;<\/p>\n","protected":false},"author":2,"featured_media":988587,"parent":988625,"menu_order":0,"comment_status":"closed","ping_status":"closed","template":"","meta":{"footnotes":""},"class_list":["post-988629","page","type-page","status-publish","has-post-thumbnail","hentry"],"_links":{"self":[{"href":"https:\/\/prophima.iwlab.org\/fr\/wp-json\/wp\/v2\/pages\/988629","targetHints":{"allow":["GET"]}}],"collection":[{"href":"https:\/\/prophima.iwlab.org\/fr\/wp-json\/wp\/v2\/pages"}],"about":[{"href":"https:\/\/prophima.iwlab.org\/fr\/wp-json\/wp\/v2\/types\/page"}],"author":[{"embeddable":true,"href":"https:\/\/prophima.iwlab.org\/fr\/wp-json\/wp\/v2\/users\/2"}],"replies":[{"embeddable":true,"href":"https:\/\/prophima.iwlab.org\/fr\/wp-json\/wp\/v2\/comments?post=988629"}],"version-history":[{"count":1,"href":"https:\/\/prophima.iwlab.org\/fr\/wp-json\/wp\/v2\/pages\/988629\/revisions"}],"predecessor-version":[{"id":988630,"href":"https:\/\/prophima.iwlab.org\/fr\/wp-json\/wp\/v2\/pages\/988629\/revisions\/988630"}],"up":[{"embeddable":true,"href":"https:\/\/prophima.iwlab.org\/fr\/wp-json\/wp\/v2\/pages\/988625"}],"wp:featuredmedia":[{"embeddable":true,"href":"https:\/\/prophima.iwlab.org\/fr\/wp-json\/wp\/v2\/media\/988587"}],"wp:attachment":[{"href":"https:\/\/prophima.iwlab.org\/fr\/wp-json\/wp\/v2\/media?parent=988629"}],"curies":[{"name":"wp","href":"https:\/\/api.w.org\/{rel}","templated":true}]}}