{"id":988635,"date":"2023-04-25T09:20:42","date_gmt":"2023-04-25T09:20:42","guid":{"rendered":"https:\/\/www.prophima.ch\/services\/tableaux-de-distribution-secondaire\/"},"modified":"2023-07-06T15:25:44","modified_gmt":"2023-07-06T15:25:44","slug":"tableaux-de-distribution-secondaire","status":"publish","type":"page","link":"https:\/\/prophima.iwlab.org\/fr\/services\/tableaux-de-distribution-secondaire\/","title":{"rendered":"Tableau de distribution secondaire"},"content":{"rendered":"\t\t<div data-elementor-type=\"wp-page\" data-elementor-id=\"988635\" class=\"elementor elementor-988635 elementor-1474\" data-elementor-post-type=\"page\">\n\t\t\t\t\t\t<section class=\"elementor-section elementor-top-section elementor-element elementor-element-2a973f97 elementor-section-boxed elementor-section-height-default elementor-section-height-default\" data-id=\"2a973f97\" data-element_type=\"section\" data-e-type=\"section\">\n\t\t\t\t\t\t<div class=\"elementor-container elementor-column-gap-no\">\n\t\t\t\t\t<div class=\"elementor-column elementor-col-50 elementor-top-column elementor-element elementor-element-409d6557\" data-id=\"409d6557\" data-element_type=\"column\" data-e-type=\"column\">\n\t\t\t<div class=\"elementor-widget-wrap elementor-element-populated\">\n\t\t\t\t\t\t<div class=\"elementor-element elementor-element-65f2e93 elementor-position-inline-end elementor-widget__width-auto elementor-mobile-position-inline-end elementor-widget-mobile__width-auto elementor-view-default elementor-invisible elementor-widget elementor-widget-icon-box\" data-id=\"65f2e93\" data-element_type=\"widget\" data-e-type=\"widget\" data-settings=\"{&quot;_animation&quot;:&quot;slideInUp&quot;}\" data-widget_type=\"icon-box.default\">\n\t\t\t\t<div class=\"elementor-widget-container\">\n\t\t\t\t\t\t\t<div class=\"elementor-icon-box-wrapper\">\n\n\t\t\t\t\t\t<div class=\"elementor-icon-box-icon\">\n\t\t\t\t<span  class=\"elementor-icon\">\n\t\t\t\t<i aria-hidden=\"true\" class=\"vamtamtheme- vamtam-theme-line-titles\"><\/i>\t\t\t\t<\/span>\n\t\t\t<\/div>\n\t\t\t\n\t\t\t\t\t\t<div class=\"elementor-icon-box-content\">\n\n\t\t\t\t\t\t\t\t\t<span class=\"elementor-icon-box-title\">\n\t\t\t\t\t\t<span  >\n\t\t\t\t\t\t\tServices\t\t\t\t\t\t<\/span>\n\t\t\t\t\t<\/span>\n\t\t\t\t\n\t\t\t\t\n\t\t\t<\/div>\n\t\t\t\n\t\t<\/div>\n\t\t\t\t\t\t<\/div>\n\t\t\t\t<\/div>\n\t\t\t\t\t<\/div>\n\t\t<\/div>\n\t\t\t\t<div class=\"elementor-column elementor-col-50 elementor-top-column elementor-element elementor-element-66fc9eab\" data-id=\"66fc9eab\" data-element_type=\"column\" data-e-type=\"column\">\n\t\t\t<div class=\"elementor-widget-wrap elementor-element-populated\">\n\t\t\t\t\t\t<div class=\"elementor-element elementor-element-58036e91 elementor-widget elementor-widget-text-editor\" data-id=\"58036e91\" data-element_type=\"widget\" data-e-type=\"widget\" data-widget_type=\"text-editor.default\">\n\t\t\t\t<div class=\"elementor-widget-container\">\n\t\t\t\t\t\t\t\t\t<p>Que ce soit sous la forme d&rsquo;un cadre aluminium ou d&rsquo;une armoire, la distribution secondaire n&rsquo;a aucun secret pour nous. Nous vous accompagnons de l&rsquo;offre jusqu&rsquo;\u00e0 la livraison pour la r\u00e9alisation de vos tableaux. Notre expertise et nos connaissances des normes sont \u00e0 votre service. Que ces tableaux soient de la distribution classique, pr\u00e9vu pour du photovolta\u00efque, sur bornes, sans bornes, avec une distribution de puissance, nous maitrisons le process de l&rsquo;offre jusqu&rsquo;au montage sur place. Nous travaillons selon vos souhaits, avec le mat\u00e9riel de votre choix, dans le respect des d\u00e9lais et des containtes existantes. Nous sommes le partenaire qu&rsquo;il vous faut pour vos Unterverteilungen. Nos installations r\u00e9pondent aux normes 2006\/95\/EG Niederspannungsrichtlinie SN EN 61439-1\/2 &amp; \/3<\/p>\n\t\t\t\t\t\t\t\t<\/div>\n\t\t\t\t<\/div>\n\t\t\t\t\t<\/div>\n\t\t<\/div>\n\t\t\t\t\t<\/div>\n\t\t<\/section>\n\t\t\t\t<section class=\"elementor-section elementor-top-section elementor-element elementor-element-2aa16ee elementor-section-boxed elementor-section-height-default elementor-section-height-default\" data-id=\"2aa16ee\" data-element_type=\"section\" data-e-type=\"section\">\n\t\t\t\t\t\t<div class=\"elementor-container elementor-column-gap-default\">\n\t\t\t\t\t<div class=\"elementor-column elementor-col-100 elementor-top-column elementor-element elementor-element-46d86ff\" data-id=\"46d86ff\" data-element_type=\"column\" data-e-type=\"column\">\n\t\t\t<div class=\"elementor-widget-wrap elementor-element-populated\">\n\t\t\t\t\t\t<div class=\"elementor-element elementor-element-a8871da elementor-widget elementor-widget-heading\" data-id=\"a8871da\" data-element_type=\"widget\" data-e-type=\"widget\" data-widget_type=\"heading.default\">\n\t\t\t\t<div class=\"elementor-widget-container\">\n\t\t\t\t\t<h3 class=\"elementor-heading-title elementor-size-default\">Vos personnes de contact dans toute la Suisse !<\/h3>\t\t\t\t<\/div>\n\t\t\t\t<\/div>\n\t\t\t\t<div class=\"elementor-element elementor-element-9ac73d4 elementor-widget elementor-widget-spacer\" data-id=\"9ac73d4\" data-element_type=\"widget\" data-e-type=\"widget\" data-widget_type=\"spacer.default\">\n\t\t\t\t<div class=\"elementor-widget-container\">\n\t\t\t\t\t\t\t<div class=\"elementor-spacer\">\n\t\t\t<div class=\"elementor-spacer-inner\"><\/div>\n\t\t<\/div>\n\t\t\t\t\t\t<\/div>\n\t\t\t\t<\/div>\n\t\t\t\t\t<\/div>\n\t\t<\/div>\n\t\t\t\t\t<\/div>\n\t\t<\/section>\n\t\t\t\t<section class=\"elementor-section elementor-top-section elementor-element elementor-element-130a82e elementor-section-boxed elementor-section-height-default elementor-section-height-default\" data-id=\"130a82e\" data-element_type=\"section\" data-e-type=\"section\">\n\t\t\t\t\t\t<div class=\"elementor-container elementor-column-gap-default\">\n\t\t\t\t\t<div class=\"elementor-column elementor-col-100 elementor-top-column elementor-element elementor-element-7ba4f03\" data-id=\"7ba4f03\" data-element_type=\"column\" data-e-type=\"column\">\n\t\t\t<div class=\"elementor-widget-wrap\">\n\t\t\t\t\t\t\t<\/div>\n\t\t<\/div>\n\t\t\t\t\t<\/div>\n\t\t<\/section>\n\t\t\t\t<section class=\"elementor-section elementor-top-section elementor-element elementor-element-dfa64ed elementor-section-boxed elementor-section-height-default elementor-section-height-default\" data-id=\"dfa64ed\" data-element_type=\"section\" data-e-type=\"section\">\n\t\t\t\t\t\t<div class=\"elementor-container elementor-column-gap-default\">\n\t\t\t\t\t<div class=\"elementor-column elementor-col-33 elementor-top-column elementor-element elementor-element-aae01ba\" data-id=\"aae01ba\" data-element_type=\"column\" data-e-type=\"column\">\n\t\t\t<div class=\"elementor-widget-wrap elementor-element-populated\">\n\t\t\t\t\t\t<div class=\"elementor-element elementor-element-6f3466f elementor-widget elementor-widget-heading\" data-id=\"6f3466f\" data-element_type=\"widget\" data-e-type=\"widget\" data-widget_type=\"heading.default\">\n\t\t\t\t<div class=\"elementor-widget-container\">\n\t\t\t\t\t<h3 class=\"elementor-heading-title elementor-size-default\">Roland Pf\u00e4ffli<\/h3>\t\t\t\t<\/div>\n\t\t\t\t<\/div>\n\t\t\t\t<div class=\"elementor-element elementor-element-8c4b75b elementor-widget elementor-widget-text-editor\" data-id=\"8c4b75b\" data-element_type=\"widget\" data-e-type=\"widget\" data-widget_type=\"text-editor.default\">\n\t\t\t\t<div class=\"elementor-widget-container\">\n\t\t\t\t\t\t\t\t\t<p>Chef de projet<\/p>\n\t\t\t\t\t\t\t\t<\/div>\n\t\t\t\t<\/div>\n\t\t\t\t<div class=\"elementor-element elementor-element-015822b elementor-widget elementor-widget-image\" data-id=\"015822b\" data-element_type=\"widget\" data-e-type=\"widget\" data-widget_type=\"image.default\">\n\t\t\t\t<div class=\"elementor-widget-container\">\n\t\t\t\t\t\t\t\t\t\t\t\t\t\t\t<img fetchpriority=\"high\" decoding=\"async\" width=\"1024\" height=\"625\" src=\"https:\/\/prophima.iwlab.org\/wp-content\/uploads\/2023\/04\/Prophima-7-1024x625.jpg\" class=\"attachment-large size-large wp-image-988600\" alt=\"\" srcset=\"https:\/\/prophima.iwlab.org\/wp-content\/uploads\/2023\/04\/Prophima-7-1024x625.jpg 1024w, https:\/\/prophima.iwlab.org\/wp-content\/uploads\/2023\/04\/Prophima-7-300x183.jpg 300w, https:\/\/prophima.iwlab.org\/wp-content\/uploads\/2023\/04\/Prophima-7-768x469.jpg 768w, https:\/\/prophima.iwlab.org\/wp-content\/uploads\/2023\/04\/Prophima-7.jpg 1500w\" sizes=\"(max-width: 1024px) 100vw, 1024px\" \/>\t\t\t\t\t\t\t\t\t\t\t\t\t\t\t<\/div>\n\t\t\t\t<\/div>\n\t\t\t\t<div class=\"elementor-element elementor-element-8985784 elementor-widget elementor-widget-text-editor\" data-id=\"8985784\" data-element_type=\"widget\" data-e-type=\"widget\" data-widget_type=\"text-editor.default\">\n\t\t\t\t<div class=\"elementor-widget-container\">\n\t\t\t\t\t\t\t\t\t<p><a href=\"mailto:r.pfaeffli@prophima.ch\">r.pfaeffli@prophima.ch<\/a><\/p>\n<p>+41 79 399 07 73<\/p>\n\t\t\t\t\t\t\t\t<\/div>\n\t\t\t\t<\/div>\n\t\t\t\t\t<\/div>\n\t\t<\/div>\n\t\t\t\t<div class=\"elementor-column elementor-col-33 elementor-top-column elementor-element elementor-element-f74c70b\" data-id=\"f74c70b\" data-element_type=\"column\" data-e-type=\"column\">\n\t\t\t<div class=\"elementor-widget-wrap elementor-element-populated\">\n\t\t\t\t\t\t<div class=\"elementor-element elementor-element-feb44da elementor-widget elementor-widget-heading\" data-id=\"feb44da\" data-element_type=\"widget\" data-e-type=\"widget\" data-widget_type=\"heading.default\">\n\t\t\t\t<div class=\"elementor-widget-container\">\n\t\t\t\t\t<h3 class=\"elementor-heading-title elementor-size-default\">Marc Wininger<\/h3>\t\t\t\t<\/div>\n\t\t\t\t<\/div>\n\t\t\t\t<div class=\"elementor-element elementor-element-4a5a995 elementor-widget elementor-widget-text-editor\" data-id=\"4a5a995\" data-element_type=\"widget\" data-e-type=\"widget\" data-widget_type=\"text-editor.default\">\n\t\t\t\t<div class=\"elementor-widget-container\">\n\t\t\t\t\t\t\t\t\t<p>Chef de projet<\/p>\n\t\t\t\t\t\t\t\t<\/div>\n\t\t\t\t<\/div>\n\t\t\t\t<div class=\"elementor-element elementor-element-59aa819 elementor-widget elementor-widget-image\" data-id=\"59aa819\" data-element_type=\"widget\" data-e-type=\"widget\" data-widget_type=\"image.default\">\n\t\t\t\t<div class=\"elementor-widget-container\">\n\t\t\t\t\t\t\t\t\t\t\t\t\t\t\t<img decoding=\"async\" width=\"1024\" height=\"625\" src=\"https:\/\/prophima.iwlab.org\/wp-content\/uploads\/2023\/04\/Prophima-8-e1683268420710-1024x625.jpg\" class=\"attachment-large size-large wp-image-988601\" alt=\"\" srcset=\"https:\/\/prophima.iwlab.org\/wp-content\/uploads\/2023\/04\/Prophima-8-e1683268420710-1024x625.jpg 1024w, https:\/\/prophima.iwlab.org\/wp-content\/uploads\/2023\/04\/Prophima-8-e1683268420710-300x183.jpg 300w, https:\/\/prophima.iwlab.org\/wp-content\/uploads\/2023\/04\/Prophima-8-e1683268420710-768x468.jpg 768w, https:\/\/prophima.iwlab.org\/wp-content\/uploads\/2023\/04\/Prophima-8-e1683268420710.jpg 1500w\" sizes=\"(max-width: 1024px) 100vw, 1024px\" \/>\t\t\t\t\t\t\t\t\t\t\t\t\t\t\t<\/div>\n\t\t\t\t<\/div>\n\t\t\t\t<div class=\"elementor-element elementor-element-f0f4ac9 elementor-widget elementor-widget-text-editor\" data-id=\"f0f4ac9\" data-element_type=\"widget\" data-e-type=\"widget\" data-widget_type=\"text-editor.default\">\n\t\t\t\t<div class=\"elementor-widget-container\">\n\t\t\t\t\t\t\t\t\t<p><a href=\"mailto:m.wininger@prophima.ch\">m.wininger@prophima.ch<\/a><\/p>\n<div class=\"elementor-column elementor-col-33 elementor-top-column elementor-element elementor-element-bea03cb\" data-id=\"bea03cb\" data-element_type=\"column\">\n<div class=\"elementor-widget-wrap elementor-element-populated\">\n<div class=\"elementor-element elementor-element-54556d6 elementor-widget elementor-widget-text-editor\" data-id=\"54556d6\" data-element_type=\"widget\" data-widget_type=\"text-editor.default\">\n<div class=\"elementor-widget-container\">\n<p>+41 79 617 40 59<\/p>\n<\/div>\n<\/div>\n<\/div>\n<\/div>\n\t\t\t\t\t\t\t\t<\/div>\n\t\t\t\t<\/div>\n\t\t\t\t\t<\/div>\n\t\t<\/div>\n\t\t\t\t<div class=\"elementor-column elementor-col-33 elementor-top-column elementor-element elementor-element-ee1661b\" data-id=\"ee1661b\" data-element_type=\"column\" data-e-type=\"column\">\n\t\t\t<div class=\"elementor-widget-wrap elementor-element-populated\">\n\t\t\t\t\t\t<div class=\"elementor-element elementor-element-4b7b76d elementor-widget elementor-widget-heading\" data-id=\"4b7b76d\" data-element_type=\"widget\" data-e-type=\"widget\" data-widget_type=\"heading.default\">\n\t\t\t\t<div class=\"elementor-widget-container\">\n\t\t\t\t\t<h3 class=\"elementor-heading-title elementor-size-default\">Ronald Curty<\/h3>\t\t\t\t<\/div>\n\t\t\t\t<\/div>\n\t\t\t\t<div class=\"elementor-element elementor-element-7c6b904 elementor-widget elementor-widget-text-editor\" data-id=\"7c6b904\" data-element_type=\"widget\" data-e-type=\"widget\" data-widget_type=\"text-editor.default\">\n\t\t\t\t<div class=\"elementor-widget-container\">\n\t\t\t\t\t\t\t\t\t<p>Directeur Fondateur \/ Personne de contact pour la Suisse romande<\/p>\n\t\t\t\t\t\t\t\t<\/div>\n\t\t\t\t<\/div>\n\t\t\t\t<div class=\"elementor-element elementor-element-937309b elementor-widget elementor-widget-image\" data-id=\"937309b\" data-element_type=\"widget\" data-e-type=\"widget\" data-widget_type=\"image.default\">\n\t\t\t\t<div class=\"elementor-widget-container\">\n\t\t\t\t\t\t\t\t\t\t\t\t\t\t\t<img decoding=\"async\" width=\"1024\" height=\"625\" src=\"https:\/\/prophima.iwlab.org\/wp-content\/uploads\/2023\/04\/Prophima-6-e1683268380491-1024x625.jpg\" class=\"attachment-large size-large wp-image-988599\" alt=\"\" srcset=\"https:\/\/prophima.iwlab.org\/wp-content\/uploads\/2023\/04\/Prophima-6-e1683268380491-1024x625.jpg 1024w, https:\/\/prophima.iwlab.org\/wp-content\/uploads\/2023\/04\/Prophima-6-e1683268380491-300x183.jpg 300w, https:\/\/prophima.iwlab.org\/wp-content\/uploads\/2023\/04\/Prophima-6-e1683268380491-768x468.jpg 768w, https:\/\/prophima.iwlab.org\/wp-content\/uploads\/2023\/04\/Prophima-6-e1683268380491.jpg 1500w\" sizes=\"(max-width: 1024px) 100vw, 1024px\" \/>\t\t\t\t\t\t\t\t\t\t\t\t\t\t\t<\/div>\n\t\t\t\t<\/div>\n\t\t\t\t<div class=\"elementor-element elementor-element-38b60a7 elementor-widget elementor-widget-text-editor\" data-id=\"38b60a7\" data-element_type=\"widget\" data-e-type=\"widget\" data-widget_type=\"text-editor.default\">\n\t\t\t\t<div class=\"elementor-widget-container\">\n\t\t\t\t\t\t\t\t\t<p><a href=\"mailto:r.curty@prophima.ch\">r.curty@prophima.ch<\/a><\/p>\n<p><span style=\"font-family: 'Titillium Web', sans-serif; font-size: 14px; font-style: normal; font-variant-caps: normal;\">+41 79 617 40 59<\/span><\/p>\n\t\t\t\t\t\t\t\t<\/div>\n\t\t\t\t<\/div>\n\t\t\t\t\t<\/div>\n\t\t<\/div>\n\t\t\t\t\t<\/div>\n\t\t<\/section>\n\t\t\t\t<section class=\"elementor-section elementor-top-section elementor-element elementor-element-218c92e elementor-section-boxed elementor-section-height-default elementor-section-height-default\" data-id=\"218c92e\" data-element_type=\"section\" data-e-type=\"section\">\n\t\t\t\t\t\t<div class=\"elementor-container elementor-column-gap-default\">\n\t\t\t\t\t<div class=\"elementor-column elementor-col-100 elementor-top-column elementor-element elementor-element-15cdbb0\" data-id=\"15cdbb0\" data-element_type=\"column\" data-e-type=\"column\">\n\t\t\t<div class=\"elementor-widget-wrap\">\n\t\t\t\t\t\t\t<\/div>\n\t\t<\/div>\n\t\t\t\t\t<\/div>\n\t\t<\/section>\n\t\t\t\t<\/div>\n\t\t","protected":false},"excerpt":{"rendered":"<p>Services Que ce soit sous la forme d&rsquo;un cadre aluminium ou d&rsquo;une armoire, la distribution secondaire n&rsquo;a aucun secret pour nous. Nous vous accompagnons de l&rsquo;offre jusqu&rsquo;\u00e0 la livraison pour la r\u00e9alisation de vos tableaux. Notre expertise et nos connaissances des normes sont \u00e0 votre service. Que ces tableaux soient de la distribution classique, pr\u00e9vu&#8230;<\/p>\n","protected":false},"author":2,"featured_media":0,"parent":988625,"menu_order":0,"comment_status":"closed","ping_status":"closed","template":"","meta":{"footnotes":""},"class_list":["post-988635","page","type-page","status-publish","hentry"],"_links":{"self":[{"href":"https:\/\/prophima.iwlab.org\/fr\/wp-json\/wp\/v2\/pages\/988635","targetHints":{"allow":["GET"]}}],"collection":[{"href":"https:\/\/prophima.iwlab.org\/fr\/wp-json\/wp\/v2\/pages"}],"about":[{"href":"https:\/\/prophima.iwlab.org\/fr\/wp-json\/wp\/v2\/types\/page"}],"author":[{"embeddable":true,"href":"https:\/\/prophima.iwlab.org\/fr\/wp-json\/wp\/v2\/users\/2"}],"replies":[{"embeddable":true,"href":"https:\/\/prophima.iwlab.org\/fr\/wp-json\/wp\/v2\/comments?post=988635"}],"version-history":[{"count":5,"href":"https:\/\/prophima.iwlab.org\/fr\/wp-json\/wp\/v2\/pages\/988635\/revisions"}],"predecessor-version":[{"id":988661,"href":"https:\/\/prophima.iwlab.org\/fr\/wp-json\/wp\/v2\/pages\/988635\/revisions\/988661"}],"up":[{"embeddable":true,"href":"https:\/\/prophima.iwlab.org\/fr\/wp-json\/wp\/v2\/pages\/988625"}],"wp:attachment":[{"href":"https:\/\/prophima.iwlab.org\/fr\/wp-json\/wp\/v2\/media?parent=988635"}],"curies":[{"name":"wp","href":"https:\/\/api.w.org\/{rel}","templated":true}]}}