{"id":988637,"date":"2023-04-25T09:23:13","date_gmt":"2023-04-25T09:23:13","guid":{"rendered":"https:\/\/www.prophima.ch\/services\/les-armoires-de-comptage\/"},"modified":"2023-07-06T14:49:06","modified_gmt":"2023-07-06T14:49:06","slug":"les-armoires-de-comptage","status":"publish","type":"page","link":"https:\/\/prophima.iwlab.org\/fr\/services\/les-armoires-de-comptage\/","title":{"rendered":"Les armoires de comptage"},"content":{"rendered":"\t\t<div data-elementor-type=\"wp-page\" data-elementor-id=\"988637\" class=\"elementor elementor-988637 elementor-5871\" data-elementor-post-type=\"page\">\n\t\t\t\t\t\t<section class=\"elementor-section elementor-top-section elementor-element elementor-element-a13d0ff elementor-section-boxed elementor-section-height-default elementor-section-height-default\" data-id=\"a13d0ff\" data-element_type=\"section\" data-e-type=\"section\">\n\t\t\t\t\t\t<div class=\"elementor-container elementor-column-gap-no\">\n\t\t\t\t\t<div class=\"elementor-column elementor-col-50 elementor-top-column elementor-element elementor-element-0134627\" data-id=\"0134627\" data-element_type=\"column\" data-e-type=\"column\">\n\t\t\t<div class=\"elementor-widget-wrap elementor-element-populated\">\n\t\t\t\t\t\t<div class=\"elementor-element elementor-element-07f2a34 elementor-position-inline-end elementor-widget__width-auto elementor-mobile-position-inline-end elementor-widget-mobile__width-auto elementor-view-default elementor-invisible elementor-widget elementor-widget-icon-box\" data-id=\"07f2a34\" data-element_type=\"widget\" data-e-type=\"widget\" data-settings=\"{&quot;_animation&quot;:&quot;slideInUp&quot;}\" data-widget_type=\"icon-box.default\">\n\t\t\t\t<div class=\"elementor-widget-container\">\n\t\t\t\t\t\t\t<div class=\"elementor-icon-box-wrapper\">\n\n\t\t\t\t\t\t<div class=\"elementor-icon-box-icon\">\n\t\t\t\t<span  class=\"elementor-icon\">\n\t\t\t\t<i aria-hidden=\"true\" class=\"vamtamtheme- vamtam-theme-line-titles\"><\/i>\t\t\t\t<\/span>\n\t\t\t<\/div>\n\t\t\t\n\t\t\t\t\t\t<div class=\"elementor-icon-box-content\">\n\n\t\t\t\t\t\t\t\t\t<span class=\"elementor-icon-box-title\">\n\t\t\t\t\t\t<span  >\n\t\t\t\t\t\t\tServices\t\t\t\t\t\t<\/span>\n\t\t\t\t\t<\/span>\n\t\t\t\t\n\t\t\t\t\n\t\t\t<\/div>\n\t\t\t\n\t\t<\/div>\n\t\t\t\t\t\t<\/div>\n\t\t\t\t<\/div>\n\t\t\t\t\t<\/div>\n\t\t<\/div>\n\t\t\t\t<div class=\"elementor-column elementor-col-50 elementor-top-column elementor-element elementor-element-77363ae\" data-id=\"77363ae\" data-element_type=\"column\" data-e-type=\"column\">\n\t\t\t<div class=\"elementor-widget-wrap elementor-element-populated\">\n\t\t\t\t\t\t<div class=\"elementor-element elementor-element-a63d21a elementor-widget elementor-widget-text-editor\" data-id=\"a63d21a\" data-element_type=\"widget\" data-e-type=\"widget\" data-widget_type=\"text-editor.default\">\n\t\t\t\t<div class=\"elementor-widget-container\">\n\t\t\t\t\t\t\t\t\t<p>Les armoires de comptage sont une de nos nombreuses sp\u00e9cialit\u00e9s. Nous maitrisons la r\u00e9alistion de ces tableaux, selon les sp\u00e9cificit\u00e9s g\u00e9ographique, les normes particuli\u00e8res et avant tout selon les demandes de nos clients. Comptages EW, priv\u00e9s, avec WZU, Gegensprachanlagensystem, gestions des \u00e9clairages, KNX, etc &#8230; Que ce soit en saillie, encastr\u00e9e, partiellement encastr\u00e9e, dans des armoires, nous pouvons vous accompagner et produire tous vos projets dans des d\u00e9lais courts et avec tout le conseil dont vous pourrez avoir besoin. Nos installations r\u00e9pondent aux normes 2006\/95\/EG Niederspannungsrichtlinie SN EN 61439-1\/2 &amp; \/3<\/p>\n\t\t\t\t\t\t\t\t<\/div>\n\t\t\t\t<\/div>\n\t\t\t\t\t<\/div>\n\t\t<\/div>\n\t\t\t\t\t<\/div>\n\t\t<\/section>\n\t\t\t\t<section class=\"elementor-section elementor-top-section elementor-element elementor-element-301d4b0 elementor-section-boxed elementor-section-height-default elementor-section-height-default\" data-id=\"301d4b0\" data-element_type=\"section\" data-e-type=\"section\">\n\t\t\t\t\t\t<div class=\"elementor-container elementor-column-gap-default\">\n\t\t\t\t\t<div class=\"elementor-column elementor-col-33 elementor-top-column elementor-element elementor-element-af13b4f\" data-id=\"af13b4f\" data-element_type=\"column\" data-e-type=\"column\">\n\t\t\t<div class=\"elementor-widget-wrap elementor-element-populated\">\n\t\t\t\t\t\t<div class=\"elementor-element elementor-element-c0c9d77 elementor-widget elementor-widget-heading\" data-id=\"c0c9d77\" data-element_type=\"widget\" data-e-type=\"widget\" data-widget_type=\"heading.default\">\n\t\t\t\t<div class=\"elementor-widget-container\">\n\t\t\t\t\t<h3 class=\"elementor-heading-title elementor-size-default\">Roland Pf\u00e4ffli<\/h3>\t\t\t\t<\/div>\n\t\t\t\t<\/div>\n\t\t\t\t<div class=\"elementor-element elementor-element-8e308a0 elementor-widget elementor-widget-text-editor\" data-id=\"8e308a0\" data-element_type=\"widget\" data-e-type=\"widget\" data-widget_type=\"text-editor.default\">\n\t\t\t\t<div class=\"elementor-widget-container\">\n\t\t\t\t\t\t\t\t\t<p>Chef de projet<\/p>\n\t\t\t\t\t\t\t\t<\/div>\n\t\t\t\t<\/div>\n\t\t\t\t<div class=\"elementor-element elementor-element-705090b elementor-widget elementor-widget-image\" data-id=\"705090b\" data-element_type=\"widget\" data-e-type=\"widget\" data-widget_type=\"image.default\">\n\t\t\t\t<div class=\"elementor-widget-container\">\n\t\t\t\t\t\t\t\t\t\t\t\t\t\t\t<img fetchpriority=\"high\" decoding=\"async\" width=\"1024\" height=\"625\" src=\"https:\/\/prophima.iwlab.org\/wp-content\/uploads\/2023\/04\/Prophima-7-1024x625.jpg\" class=\"attachment-large size-large wp-image-988600\" alt=\"\" srcset=\"https:\/\/prophima.iwlab.org\/wp-content\/uploads\/2023\/04\/Prophima-7-1024x625.jpg 1024w, https:\/\/prophima.iwlab.org\/wp-content\/uploads\/2023\/04\/Prophima-7-300x183.jpg 300w, https:\/\/prophima.iwlab.org\/wp-content\/uploads\/2023\/04\/Prophima-7-768x469.jpg 768w, https:\/\/prophima.iwlab.org\/wp-content\/uploads\/2023\/04\/Prophima-7.jpg 1500w\" sizes=\"(max-width: 1024px) 100vw, 1024px\" \/>\t\t\t\t\t\t\t\t\t\t\t\t\t\t\t<\/div>\n\t\t\t\t<\/div>\n\t\t\t\t<div class=\"elementor-element elementor-element-a077b17 elementor-widget elementor-widget-text-editor\" data-id=\"a077b17\" data-element_type=\"widget\" data-e-type=\"widget\" data-widget_type=\"text-editor.default\">\n\t\t\t\t<div class=\"elementor-widget-container\">\n\t\t\t\t\t\t\t\t\t<p style=\"font-style: normal; font-variant-caps: normal;\"><a href=\"mailto:r.pfaeffli@prophima.ch\">r.pfaeffli@prophima.ch <\/a><\/p>\n<p style=\"font-style: normal; font-variant-caps: normal;\">+41 79 399 07 73  <\/p>\n\t\t\t\t\t\t\t\t<\/div>\n\t\t\t\t<\/div>\n\t\t\t\t\t<\/div>\n\t\t<\/div>\n\t\t\t\t<div class=\"elementor-column elementor-col-33 elementor-top-column elementor-element elementor-element-8dff55c\" data-id=\"8dff55c\" data-element_type=\"column\" data-e-type=\"column\">\n\t\t\t<div class=\"elementor-widget-wrap elementor-element-populated\">\n\t\t\t\t\t\t<div class=\"elementor-element elementor-element-815b44d elementor-widget elementor-widget-heading\" data-id=\"815b44d\" data-element_type=\"widget\" data-e-type=\"widget\" data-widget_type=\"heading.default\">\n\t\t\t\t<div class=\"elementor-widget-container\">\n\t\t\t\t\t<h3 class=\"elementor-heading-title elementor-size-default\">Marc Wininger<\/h3>\t\t\t\t<\/div>\n\t\t\t\t<\/div>\n\t\t\t\t<div class=\"elementor-element elementor-element-16e3bdb elementor-widget elementor-widget-text-editor\" data-id=\"16e3bdb\" data-element_type=\"widget\" data-e-type=\"widget\" data-widget_type=\"text-editor.default\">\n\t\t\t\t<div class=\"elementor-widget-container\">\n\t\t\t\t\t\t\t\t\t<p>Chef de projet<\/p>\n\t\t\t\t\t\t\t\t<\/div>\n\t\t\t\t<\/div>\n\t\t\t\t<div class=\"elementor-element elementor-element-8babf00 elementor-widget elementor-widget-image\" data-id=\"8babf00\" data-element_type=\"widget\" data-e-type=\"widget\" data-widget_type=\"image.default\">\n\t\t\t\t<div class=\"elementor-widget-container\">\n\t\t\t\t\t\t\t\t\t\t\t\t\t\t\t<img decoding=\"async\" width=\"1024\" height=\"625\" src=\"https:\/\/prophima.iwlab.org\/wp-content\/uploads\/2023\/04\/Prophima-8-e1683268420710-1024x625.jpg\" class=\"attachment-large size-large wp-image-988601\" alt=\"\" srcset=\"https:\/\/prophima.iwlab.org\/wp-content\/uploads\/2023\/04\/Prophima-8-e1683268420710-1024x625.jpg 1024w, https:\/\/prophima.iwlab.org\/wp-content\/uploads\/2023\/04\/Prophima-8-e1683268420710-300x183.jpg 300w, https:\/\/prophima.iwlab.org\/wp-content\/uploads\/2023\/04\/Prophima-8-e1683268420710-768x468.jpg 768w, https:\/\/prophima.iwlab.org\/wp-content\/uploads\/2023\/04\/Prophima-8-e1683268420710.jpg 1500w\" sizes=\"(max-width: 1024px) 100vw, 1024px\" \/>\t\t\t\t\t\t\t\t\t\t\t\t\t\t\t<\/div>\n\t\t\t\t<\/div>\n\t\t\t\t<div class=\"elementor-element elementor-element-8c4b04e elementor-widget elementor-widget-text-editor\" data-id=\"8c4b04e\" data-element_type=\"widget\" data-e-type=\"widget\" data-widget_type=\"text-editor.default\">\n\t\t\t\t<div class=\"elementor-widget-container\">\n\t\t\t\t\t\t\t\t\t<p style=\"font-style: normal; font-variant-caps: normal;\"><a href=\"mailto:m.wininger@prophima.ch\">m.wininger@prophima.ch<\/a><\/p>\n<p style=\"font-style: normal; font-variant-caps: normal;\">+41 79 617 40 59<\/p>\n\t\t\t\t\t\t\t\t<\/div>\n\t\t\t\t<\/div>\n\t\t\t\t\t<\/div>\n\t\t<\/div>\n\t\t\t\t<div class=\"elementor-column elementor-col-33 elementor-top-column elementor-element elementor-element-3355fa2\" data-id=\"3355fa2\" data-element_type=\"column\" data-e-type=\"column\">\n\t\t\t<div class=\"elementor-widget-wrap elementor-element-populated\">\n\t\t\t\t\t\t<div class=\"elementor-element elementor-element-25b781b elementor-widget elementor-widget-heading\" data-id=\"25b781b\" data-element_type=\"widget\" data-e-type=\"widget\" data-widget_type=\"heading.default\">\n\t\t\t\t<div class=\"elementor-widget-container\">\n\t\t\t\t\t<h3 class=\"elementor-heading-title elementor-size-default\">Ronald Curty<\/h3>\t\t\t\t<\/div>\n\t\t\t\t<\/div>\n\t\t\t\t<div class=\"elementor-element elementor-element-ee966f3 elementor-widget elementor-widget-text-editor\" data-id=\"ee966f3\" data-element_type=\"widget\" data-e-type=\"widget\" data-widget_type=\"text-editor.default\">\n\t\t\t\t<div class=\"elementor-widget-container\">\n\t\t\t\t\t\t\t\t\t<p><span style=\"font-family: 'Titillium Web', sans-serif; font-size: 14px; font-style: normal; font-variant-caps: normal;\">Directeur Fondateur \/ Personne de contact pour la Suisse romande<\/span><\/p>\n\t\t\t\t\t\t\t\t<\/div>\n\t\t\t\t<\/div>\n\t\t\t\t<div class=\"elementor-element elementor-element-1ded129 elementor-widget elementor-widget-image\" data-id=\"1ded129\" data-element_type=\"widget\" data-e-type=\"widget\" data-widget_type=\"image.default\">\n\t\t\t\t<div class=\"elementor-widget-container\">\n\t\t\t\t\t\t\t\t\t\t\t\t\t\t\t<img decoding=\"async\" width=\"1024\" height=\"625\" src=\"https:\/\/prophima.iwlab.org\/wp-content\/uploads\/2023\/04\/Prophima-6-e1683268380491-1024x625.jpg\" class=\"attachment-large size-large wp-image-988599\" alt=\"\" srcset=\"https:\/\/prophima.iwlab.org\/wp-content\/uploads\/2023\/04\/Prophima-6-e1683268380491-1024x625.jpg 1024w, https:\/\/prophima.iwlab.org\/wp-content\/uploads\/2023\/04\/Prophima-6-e1683268380491-300x183.jpg 300w, https:\/\/prophima.iwlab.org\/wp-content\/uploads\/2023\/04\/Prophima-6-e1683268380491-768x468.jpg 768w, https:\/\/prophima.iwlab.org\/wp-content\/uploads\/2023\/04\/Prophima-6-e1683268380491.jpg 1500w\" sizes=\"(max-width: 1024px) 100vw, 1024px\" \/>\t\t\t\t\t\t\t\t\t\t\t\t\t\t\t<\/div>\n\t\t\t\t<\/div>\n\t\t\t\t<div class=\"elementor-element elementor-element-12d93c1 elementor-widget elementor-widget-text-editor\" data-id=\"12d93c1\" data-element_type=\"widget\" data-e-type=\"widget\" data-widget_type=\"text-editor.default\">\n\t\t\t\t<div class=\"elementor-widget-container\">\n\t\t\t\t\t\t\t\t\t<p style=\"font-style: normal; font-variant-caps: normal;\"><a href=\"mailto:r.curty@prophima.ch\">r.curty@prophima.ch<\/a><\/p>\n<p style=\"font-style: normal; font-variant-caps: normal;\">+41 79 387 22 21<\/p>\n\t\t\t\t\t\t\t\t<\/div>\n\t\t\t\t<\/div>\n\t\t\t\t\t<\/div>\n\t\t<\/div>\n\t\t\t\t\t<\/div>\n\t\t<\/section>\n\t\t\t\t<\/div>\n\t\t","protected":false},"excerpt":{"rendered":"<p>Services Les armoires de comptage sont une de nos nombreuses sp\u00e9cialit\u00e9s. Nous maitrisons la r\u00e9alistion de ces tableaux, selon les sp\u00e9cificit\u00e9s g\u00e9ographique, les normes particuli\u00e8res et avant tout selon les demandes de nos clients. Comptages EW, priv\u00e9s, avec WZU, Gegensprachanlagensystem, gestions des \u00e9clairages, KNX, etc &#8230; Que ce soit en saillie, encastr\u00e9e, partiellement encastr\u00e9e, dans&#8230;<\/p>\n","protected":false},"author":2,"featured_media":0,"parent":988625,"menu_order":0,"comment_status":"closed","ping_status":"closed","template":"","meta":{"footnotes":""},"class_list":["post-988637","page","type-page","status-publish","hentry"],"_links":{"self":[{"href":"https:\/\/prophima.iwlab.org\/fr\/wp-json\/wp\/v2\/pages\/988637","targetHints":{"allow":["GET"]}}],"collection":[{"href":"https:\/\/prophima.iwlab.org\/fr\/wp-json\/wp\/v2\/pages"}],"about":[{"href":"https:\/\/prophima.iwlab.org\/fr\/wp-json\/wp\/v2\/types\/page"}],"author":[{"embeddable":true,"href":"https:\/\/prophima.iwlab.org\/fr\/wp-json\/wp\/v2\/users\/2"}],"replies":[{"embeddable":true,"href":"https:\/\/prophima.iwlab.org\/fr\/wp-json\/wp\/v2\/comments?post=988637"}],"version-history":[{"count":1,"href":"https:\/\/prophima.iwlab.org\/fr\/wp-json\/wp\/v2\/pages\/988637\/revisions"}],"predecessor-version":[{"id":988638,"href":"https:\/\/prophima.iwlab.org\/fr\/wp-json\/wp\/v2\/pages\/988637\/revisions\/988638"}],"up":[{"embeddable":true,"href":"https:\/\/prophima.iwlab.org\/fr\/wp-json\/wp\/v2\/pages\/988625"}],"wp:attachment":[{"href":"https:\/\/prophima.iwlab.org\/fr\/wp-json\/wp\/v2\/media?parent=988637"}],"curies":[{"name":"wp","href":"https:\/\/api.w.org\/{rel}","templated":true}]}}